{"id":92,"date":"2020-07-15T10:10:35","date_gmt":"2020-07-15T10:10:35","guid":{"rendered":"http:\/\/www.lasipallo.com\/vallatjavaet\/?page_id=92"},"modified":"2022-10-11T19:23:34","modified_gmt":"2022-10-11T19:23:34","slug":"valta","status":"publish","type":"page","link":"http:\/\/www.lasipallo.com\/vallatjavaet\/valta\/","title":{"rendered":"Valta"},"content":{"rendered":"\n<p>Vaihdokkailla on voimaa, tietynlaista taikuutta, jota he voivat k\u00e4ytt\u00e4\u00e4 eri tavoin. T\u00e4t\u00e4 sanotaan <em>vallaksi<\/em>. Kaikilla vaihdokkailla on valtaa aina syntym\u00e4st\u00e4 l\u00e4htien, mutta he voivat k\u00e4ytt\u00e4\u00e4 sit\u00e4 varsin rajatusti kunnes valitsevat v\u00e4kens\u00e4. V\u00e4keen kuuluva vaihdokas voi k\u00e4ytt\u00e4\u00e4 valtaansa monipuolisemmin. Vaihdokkaan katsotaan olevan valmis valitsemaan v\u00e4kens\u00e4, kun h\u00e4n on l\u00f6yt\u00e4nyt oman tapansa k\u00e4ytt\u00e4\u00e4 valtaa ja osaa k\u00e4ytt\u00e4\u00e4 lumoa ja sumua hallitusti.<\/p>\n\n\n\n<p>Kukin vaihdokas k\u00e4ytt\u00e4\u00e4 valtaa omalla tavallaan, mutta vallan k\u00e4ytt\u00f6\u00f6n liittyy aina jollain tavoin musiikki tai rytmi. Joku hyr\u00e4ilee, toinen tanssii, kolmas laulaa, nelj\u00e4s ly\u00f6 rytmi\u00e4, viides lausuu taikansa runona.&nbsp;<\/p>\n\n\n\n<p>Vallan k\u00e4ytt\u00f6 vaatii my\u00f6s aikaa. Mit\u00e4 suuremman vaikutuksen vaihdokas haluaa saada aikaan, sit\u00e4 enemm\u00e4n valtaa ja aikaa se vaatii. Vaihdokkaat voivat kuitenkin halutessaan yhdist\u00e4\u00e4 voimansa. Mit\u00e4 useampi vaihdokas osallistuu rituaaliin, sit\u00e4 v\u00e4hemm\u00e4n valtaa ja aikaa se vaatii kultakin yksil\u00f6lt\u00e4. Toisaalta mit\u00e4 useampi vaihdokas osallistuu, sit\u00e4 vaikeampaa on l\u00f6yt\u00e4\u00e4 yhteinen tapa toteuttaa rituaali &#8211; jokainen k\u00e4ytt\u00e4\u00e4 valtaa omalla tavallaan, mutta tavat t\u00e4ytyy sovittaa yhteen. Rituaali vaatii vahvaa harmoniaa.<\/p>\n\n\n\n<h4 class=\"wp-block-heading\">Vallan hinta<\/h4>\n\n\n\n<p>Valtaa on t\u00e4rke\u00e4\u00e4 k\u00e4ytt\u00e4\u00e4 harkiten. <em>Vallan lain<\/em> mukaan jokaisella vaihdokkaalla on oikeus k\u00e4ytt\u00e4\u00e4 valtaa kuten haluaa, kunhan ei paljasta vaihdokkaiden olemassaoloa ihmisille. T\u00e4m\u00e4 vaatii tasapainottelua, sill\u00e4 aina kun vaihdokas k\u00e4ytt\u00e4\u00e4 valtaa, se vie h\u00e4nt\u00e4 hieman kauemmas ihmisyydest\u00e4 &#8211; niin henkisesti kuin fyysisestikin. Henkisesti t\u00e4m\u00e4 ilmenee ihmisille tyypillisten moraalik\u00e4sitysten ja empatiakyvyn h\u00e4m\u00e4rtymisen\u00e4 ja henkisen\u00e4 et\u00e4\u00e4ntymisen\u00e4. Fyysisesti taas vaihdokas alkaa osoittaa toiseuden merkkej\u00e4: vaihdokkaan silmien ja hiusten v\u00e4ri saattaa muuttua ihmiselle kuulumattomaksi, iho kaarnamaiseksi tai suomuiseksi, hampaat ter\u00e4viksi, tai h\u00e4nelle saattaa kasvaa sarvet tai h\u00e4nt\u00e4 &#8211; muutos vaihtelee v\u00e4en ja yksil\u00f6n mukaan. Muutos ei koskaan ole \u00e4killinen, vaan hidas ja vaiheittainen. Muutoksen peruuttaminen, takaisin ihmisen n\u00e4k\u00f6iseksi ja tuntuiseksi muuttuminen, on samaten hidas prosessi ja vaatii vallank\u00e4yt\u00f6n lopettamista pitk\u00e4ksikin ajaksi, muutoksen vaiheesta riippuen viikoiksi tai kuukausiksi. T\u00e4m\u00e4n aikana vaihdokas joutuu piilottamaan muutoksensa ihmisilt\u00e4 &#8211; erist\u00e4ytym\u00e4ll\u00e4 tai vaattein ja asustein.<\/p>\n\n\n\n<p>Fyysisen muutoksen voi useimmiten piilottaa, ja henkinen muutos onkin n\u00e4ist\u00e4 usein merkitt\u00e4v\u00e4mpi. Vaihdokas kokee olevansa yh\u00e4 kauempana ihmisest\u00e4, jotain muuta. Mit\u00e4 kauempana ihmisest\u00e4 vaihdokas on, sit\u00e4 v\u00e4hemm\u00e4n ihmisten moraalik\u00e4sitys h\u00e4nelle merkitsee. \u00c4\u00e4rimmill\u00e4\u00e4n t\u00e4m\u00e4 ilmenee empatiakyvyn t\u00e4ydellisen\u00e4 katoamisena; inhimillinen k\u00e4rsimys ei merkitse mit\u00e4\u00e4n, eik\u00e4 vaihdokas ymm\u00e4rr\u00e4 ihmisarvon k\u00e4sitett\u00e4. T\u00e4ysin ihmisluontonsa menett\u00e4nyt vaihdokas ei my\u00f6sk\u00e4\u00e4n kykene tuntemaan romanttista rakkautta. Sen sijaan arvoa on luonnolla ja elementeill\u00e4 sek\u00e4 niiden suojelulla, ja niit\u00e4 ja omaa v\u00e4ke\u00e4\u00e4n kohtaan vaihdokas kykenee tuntemaan tietynlaista kiintymyst\u00e4.. N\u00e4it\u00e4 \u00e4\u00e4rimm\u00e4isi\u00e4 tapauksia on hyvin harvoin, mutta ne ovat hankalia, sill\u00e4 kokonaan ihmisyytens\u00e4 menett\u00e4nyt vaihdokas ei useinkaan halua sit\u00e4 takaisin.<\/p>\n\n\n\n<h3 class=\"wp-block-heading\">Valtataistelut<\/h3>\n\n\n\n<p>Joskus valtaa k\u00e4ytet\u00e4\u00e4n ratkaisemaan jonkin kiistan tai riidan voittaja. Osapuolet k\u00e4ytt\u00e4v\u00e4t vuoroin toisiinsa valtaa, kunnes toinen luovuttaa tai ei en\u00e4\u00e4 kykene jatkamaan. T\u00e4t\u00e4 kutsutaan valtataisteluksi. Jokaista valtataistelua koskevat tietyt raamit, joista p\u00e4\u00e4tt\u00e4\u00e4 joko vallassa oleva v\u00e4ki (mik\u00e4li kyseess\u00e4 on k\u00e4r\u00e4jille tuotu riita-asia, jonka vallassa oleva v\u00e4ki k\u00e4skee ratkaista valtataistelulla) tai haastettu osapuoli. Raameihin kuuluvat mm. aika ja paikka, valtataistelun julkisuus tai yksityisyys sek\u00e4 se, kuka saa osapuolia kompata, tukea omalla vallallaan. Mik\u00e4li komppausta ei sallita, osapuolet taistelevat ilman tukea. Mik\u00e4li komppaus sallitaan kaikille paikallaolijoille tai esimerkiksi vain tiettyyn v\u00e4keen kuuluville, voivat komppaajat tukea valitsemaansa osapuolta s\u00e4est\u00e4m\u00e4ll\u00e4 h\u00e4nt\u00e4, hyr\u00e4ilem\u00e4ll\u00e4 mukana tai esimerkiksi ly\u00f6m\u00e4ll\u00e4 t\u00e4lle rytmi\u00e4. Komppaamisella voi olla merkitt\u00e4v\u00e4 vaikutus lopputulokseen.<\/p>\n\n\n\n<h4 class=\"wp-block-heading\">Vallan menett\u00e4minen<\/h4>\n\n\n\n<p>Vallan voi my\u00f6s menett\u00e4\u00e4. Suuremmista rikoksista V\u00e4en lakeja vastaan saatetaan vaihdokas tuomita menett\u00e4m\u00e4\u00e4n valtansa &#8211; v\u00e4liaikaisesti tai pysyv\u00e4sti. Pysyv\u00e4 vallan menett\u00e4minen on harvinainen rangaistus, varattu vain kaikista pahimmille rikollisille, ja sen toimeenpaneminen vaatii suuren riituaalin. Lyhytaikainen vallan menett\u00e4minen on puolestaan melko yleinen tuomio, erityisesti nuorille vaihdokkaille, jotka toistuvasti k\u00e4ytt\u00e4v\u00e4t valtaansa v\u00e4\u00e4rin. Vallan pysyv\u00e4sti tai v\u00e4liaikaisesti menett\u00e4nyt vaihdokas menett\u00e4\u00e4 my\u00f6s v\u00e4kens\u00e4; h\u00e4nen asemansa on sama kuin vaihdokasyhteis\u00f6\u00f6n kuuluvien ihmisten.&nbsp;<\/p>\n\n\n\n<h3 class=\"wp-block-heading\">Vaihdokkaiden valta<\/h3>\n\n\n\n<p>On tiettyj\u00e4 asioita, joita kaikki vaihdokkaat voivat vallallaan tehd\u00e4, kuuluivat he v\u00e4keen tai eiv\u00e4t.<\/p>\n\n\n\n<p><strong>Lumo<\/strong> &#8211; Vaihdokas pystyy lumoamaan ihmisen ja saada t\u00e4m\u00e4n toimimaan tahtonsa mukaan. Lumottu ihminen pit\u00e4\u00e4 vaihdokasta maailman kiehtovimpana asiana niin kauan kuin lumo kest\u00e4\u00e4 ja on helposti taivuteltavissa erilaisiin asioihin. Lumottu ihminen ei kuitenkaan toimi t\u00e4ysin luontonsa tai periaatteidensa vastaisesti. Tunnollista virkamiest\u00e4 ei lumon avulla luultavasti saa ottamaan lahjusta, mutta v\u00e4hemm\u00e4n tunnollisen saa. Lumon kohteen luonnosta ja periaatteista riippumatta t\u00e4m\u00e4n saa v\u00e4hint\u00e4\u00e4nkin h\u00e4mmennyksiin. Lumon lyhytaikainen k\u00e4ytt\u00f6 ei merkitt\u00e4v\u00e4sti verota vaihdokkaan valtaa, mutta jos lumous jatkuu muutamaa minuuttia pidemp\u00e4\u00e4n, alkaa se vaikuttaa my\u00f6s vallan k\u00e4ytt\u00e4j\u00e4\u00e4n.<\/p>\n\n\n\n<pre class=\"wp-block-verse has-text-align-left\"><em>Pelin sis\u00e4isten ja peliteknisten s\u00e4\u00e4nt\u00f6jen lis\u00e4ksi&nbsp;<strong>lumon<\/strong>&nbsp;k\u00e4ytt\u00f6\u00e4 s\u00e4\u00e4ntelee yksi ehdoton offgame-s\u00e4\u00e4nt\u00f6: lumoa ei tule k\u00e4ytt\u00e4\u00e4 viettelyyn tai seksuaalisiin tekoihin taivutteluun, ei edes siten ett\u00e4 pelaajat olisivat siit\u00e4 offgame sopineet. Seksuaalinen v\u00e4kivalta ei kuulu pelin teemoihin.<\/em><\/pre>\n\n\n\n<p><strong>Sumu<\/strong> &#8211; Vaihdokas pystyy sumentamaan ihmisen muistin tietylt\u00e4 ajalta. Sumennettu muisto ei katoa kokonaan, mutta se muuttuu h\u00e4ilyv\u00e4ksi ja ep\u00e4selv\u00e4ksi, ep\u00e4luotettavaksi. Selke\u00e4ksi j\u00e4\u00e4v\u00e4t ainoastaan kohteen tunnetilat muiston aikana. (\u201cJa sitten Pekko l\u00f6i Varista\u2026 vai oliko se toisin p\u00e4in? Oliko se edes Pekko, ei tainnut olla, joku muu mustassa takissa, vai oliko se ruskea? Joka tapauksessa minua pelotti kamalasti.\u201d) Helpointa ja vaivattominta on sumentaa tuoretta muistoa, jotakin juuri tapahtunutta, muutaman minuutin ajalta. Pidemm\u00e4n ajanjakson tai kaukaisemman muiston sumentaminen vaatii vaihdokkaalta enemm\u00e4n ja alkaa vaikuttaa my\u00f6s vallan k\u00e4ytt\u00e4j\u00e4\u00e4n. Sumutetut muistot saattavat my\u00f6s palata ajan my\u00f6t\u00e4. Siihen, kauanko sumu kest\u00e4\u00e4, vaikuttaa moni asia: sumuttajan vallan vahvuus, sumutettujen muistojen tuoreus ja laajuus, sek\u00e4 kohteen suostumus.<\/p>\n\n\n\n<p>Sek\u00e4 lumoa ett\u00e4 sumua on mahdollista k\u00e4ytt\u00e4\u00e4 my\u00f6s toisiin vaihdokkaisiin, jotka ovat k\u00e4ytt\u00e4j\u00e4\u00e4 heikompia vallassa, mutta t\u00e4m\u00e4 on V\u00e4en laissa kielletty.<\/p>\n\n\n\n<h3 class=\"wp-block-heading\">V\u00e4kien valta<\/h3>\n\n\n\n<h4 class=\"wp-block-heading\">Veden v\u00e4ki<\/h4>\n\n\n\n<p>Veden v\u00e4ell\u00e4 on <strong>veden valtaa<\/strong>, joka hallitsee kaikkia luonnollisia vesist\u00f6j\u00e4, pienist\u00e4 puroista valtameriin. Mit\u00e4 suurempi vesist\u00f6, sit\u00e4 enemm\u00e4n valtaa sen hallitseminen vaatii. Veden v\u00e4ki voi toki periaatteessa saada joen virtaamaan v\u00e4\u00e4r\u00e4\u00e4n suuntaan tai meren jakaantumaan, mutta t\u00e4llaiset teot vaativat suunnattoman paljon aikaa ja valtaa. K\u00e4yt\u00e4nn\u00f6ss\u00e4 kaupungeissa asuva veden v\u00e4ki k\u00e4ytt\u00e4\u00e4 nykyisin t\u00e4llaista veden valtaa en\u00e4\u00e4 harvoin, ja silloinkin aina pienimuotoisesti, huomaamattomasti.&nbsp;<\/p>\n\n\n\n<p>Veden valta ylt\u00e4\u00e4 muuhunkin veteen kuin luonnollisiin vesist\u00f6ihin, mutta heikommin. Vesijohtovesi, pullovesi, ja jopa vesipohjaiset juomat kahvista Koskenkorvaan ovat veden v\u00e4en hallittavissa, joskin jokseenkin ep\u00e4vakaasti. Vallalla voi toki kiehauttaa vaikka teeveden, mutta se kiehuu helposti yli &#8211; ja vedenkeittimen k\u00e4ytt\u00f6 nyt on muutenkin k\u00e4tev\u00e4mp\u00e4\u00e4.<\/p>\n\n\n\n<p>My\u00f6s veden el\u00e4imet kuuluvat veden vallan alle &#8211; kalat, \u00e4yri\u00e4iset, vedess\u00e4 el\u00e4v\u00e4t nis\u00e4kk\u00e4\u00e4t, osin vesilinnutkin. Veden v\u00e4ki pystyy kutsumaan, k\u00e4skem\u00e4\u00e4n ja karkottamaan n\u00e4it\u00e4 el\u00e4imi\u00e4 &#8211; niin kauan kuin ne ovat luonnollisessa ymp\u00e4rist\u00f6ss\u00e4\u00e4n. Veden valta ylt\u00e4\u00e4 my\u00f6s luonnonvesist\u00e4 poistettuihin veden el\u00e4imiin, mutta heikommin. Akvaariokalaa voi toki k\u00e4ske\u00e4, mutta se helposti ymm\u00e4rt\u00e4\u00e4 k\u00e4skyn v\u00e4\u00e4rin.<\/p>\n\n\n\n<p>Veden v\u00e4ki hallitsee my\u00f6s <strong>l\u00e4hdett\u00e4<\/strong>. L\u00e4hteest\u00e4 on kaikki luovuus per\u00e4isin, ja veden v\u00e4ki osaa ammentaa siit\u00e4 &#8211; tai tyrehdytt\u00e4\u00e4 sen. L\u00e4hteest\u00e4 ammentaminen ruokkii luovuutta &#8211; vaihdokkaan omaa tai jonkun muun. Helpointa on k\u00e4ytt\u00e4\u00e4 l\u00e4hdett\u00e4 itseens\u00e4, mutta sit\u00e4 on my\u00f6s mahdollista k\u00e4ytt\u00e4\u00e4 ihmisiin tai muihin vaihdokkaisiin. L\u00e4hteen tyrehdytt\u00e4m\u00e4ll\u00e4 voi aiheuttaa sen, ettei kohde pysty luomaan uutta. Vaikutus vaatii aikaa ja valtaa eik\u00e4 ole pysyv\u00e4.<\/p>\n\n\n\n<h4 class=\"wp-block-heading\">Mets\u00e4n v\u00e4ki<\/h4>\n\n\n\n<p>Mets\u00e4n v\u00e4ell\u00e4 on <strong>mets\u00e4n valtaa<\/strong>, joka hallitsee kaikkia luonnollisia metsi\u00e4 ja metsien el\u00e4imi\u00e4 karhuista p\u00e4\u00e4st\u00e4isiin. Metsien kasvit, sammalista puihin, kasvavat ja kuolevat mets\u00e4n v\u00e4en tahdon mukaan. Juuret siirtyv\u00e4t, polkuja syntyy tai katoaa, k\u00e4rsinyt puu alkaa kukoistaa &#8211; tai kukoistava puu kuolla. Mit\u00e4 suurempi muutos, sit\u00e4 enemm\u00e4n aikaa ja valtaa se vaatii.<\/p>\n\n\n\n<p>Mets\u00e4n v\u00e4ki voi kutsua, k\u00e4ske\u00e4 ja karkottaa mets\u00e4n el\u00e4imi\u00e4 niin kauan kuin ne ovat luonnollisessa ymp\u00e4rist\u00f6ss\u00e4\u00e4n.<\/p>\n\n\n\n<p>Mets\u00e4n valta ylt\u00e4\u00e4 my\u00f6s metsiin kuuluviin kasveihin ja el\u00e4imiin, jotka eiv\u00e4t ole luonnollisessa ymp\u00e4rist\u00f6ss\u00e4\u00e4n, mutta heikommin ja ep\u00e4vakaisemmin. Puistossa kasvava koivu tai el\u00e4intarhassa el\u00e4v\u00e4 karhu ovat mets\u00e4n vallan alla, mutta valta saattaa vaikuttaa niihin ennalta-arvaamattomalla tai hallitsemattomalla tavalla.<\/p>\n\n\n\n<p>Mets\u00e4n v\u00e4ki hallitsee my\u00f6s <strong>kuloa<\/strong>. Kulo on sis\u00e4ist\u00e4 paloa, intohimoa, kiihkoa, jonka voimalla saavutetaan suuria p\u00e4\u00e4m\u00e4\u00e4ri\u00e4. Kulo ajaa huippu-urheilijaa yh\u00e4 parempiin suorituksiin, intohimoista harrastajaa yh\u00e4 syvemm\u00e4lle harrastuksensa saloihin, poliitikkoa yh\u00e4 korkeampaan asemaan. Voi kulo ajaa taiteilijoitakin, mutta taiteilija, jolla on kuloa vaan ei l\u00e4hdett\u00e4 kokee usein kurjan kohtalon. Mets\u00e4n v\u00e4ki voi sytytt\u00e4\u00e4 tai ruokkia kuloa &#8211; tai sammuttaa sen. Helpointa on k\u00e4ytt\u00e4\u00e4 kuloa itseens\u00e4, mutta sit\u00e4 on my\u00f6s mahdollista k\u00e4ytt\u00e4\u00e4 ihmisiin tai muihin vaihdokkaisiin. Vaikutus vaatii aikaa ja valtaa eik\u00e4 ole pysyv\u00e4.<\/p>\n\n\n\n<h4 class=\"wp-block-heading\">Maan v\u00e4ki<\/h4>\n\n\n\n<p>Maan v\u00e4ell\u00e4 on <strong>maan valtaa<\/strong>, joka hallitsee kaikkea luonnolliseen maaper\u00e4\u00e4n kuuluvaa, mullasta ja kivist\u00e4 matoihin ja maamyyriin. Maa nousee, laskee ja muokkautuu maan v\u00e4en tahdon mukaan, ja paljastaa maan v\u00e4elle salaisuutensa ja rikkautensa.&nbsp;<\/p>\n\n\n\n<p>Maan v\u00e4ki voi kutsua, k\u00e4ske\u00e4 ja karkottaa maan sis\u00e4ll\u00e4 el\u00e4vi\u00e4 el\u00e4imi\u00e4 niin kauan kuin ne ovat luonnollisessa ymp\u00e4rist\u00f6ss\u00e4\u00e4n.<\/p>\n\n\n\n<p>Asfalttiin, betoniin ja muihin ihmisten tuotoksiin ei maan valta kykene koskemaan. Kaupungeissa esiintyv\u00e4\u00e4n louhittuun kiveen ja muihin luonnollisiin maan elementteihin se kykenee, mutta heikommin kuin luonnosta l\u00f6ytyviin, ja varsin ep\u00e4luotettavasti.<\/p>\n\n\n\n<p>Maan v\u00e4ki hallitsee my\u00f6s <strong>juurta<\/strong>. Juuri on voimaa ja periksiantamattomuutta, varmuutta, jolla puolustaa omaa kantaansa ja vied\u00e4 oma tahtonsa l\u00e4pi. Juuresta on apua niin neuvotteluissa ja kaupanteossa kuin politiikassa ja p\u00e4\u00e4t\u00f6ksenteossakin; kaikessa, miss\u00e4 varmuudesta ja voimasta on etua. Maan v\u00e4ki voi vahvistaa juurta &#8211; tai n\u00e4ivett\u00e4\u00e4 sen, aiheuttaen ep\u00e4varmuutta ja tahdon heikkoutta. Helpointa on k\u00e4ytt\u00e4\u00e4 juurta itseens\u00e4, mutta sit\u00e4 on my\u00f6s mahdollista k\u00e4ytt\u00e4\u00e4 ihmisiin tai muihin vaihdokkaisiin. Vaikutus vaatii aikaa ja valtaa eik\u00e4 ole pysyv\u00e4.<\/p>\n\n\n\n<h4 class=\"wp-block-heading\">Taivaan v\u00e4ki<\/h4>\n\n\n\n<p>Taivaan v\u00e4ell\u00e4 on <strong>taivaan valtaa<\/strong>, joka hallitsee luonnollisten alueiden ilmaa ja s\u00e4\u00e4t\u00e4. Tuuli, sade, sumu ja muut s\u00e4\u00e4n ilmi\u00f6t tottelevat taivaan v\u00e4en tahtoa. Taivaan valta ylt\u00e4\u00e4 my\u00f6s kaupunkien ja muiden rakennettujen alueiden s\u00e4\u00e4ilmi\u00f6ihin, mutta heikommin ja usein arvaamattomin seurauksin. Mit\u00e4 suurempi muutos, sit\u00e4 enemm\u00e4n aikaa ja valtaa se vaatii. Kevyt tuulenvire on helppo saada aikaan, mutta myrsky vaatii enemm\u00e4n.<\/p>\n\n\n\n<p>Taivaan v\u00e4ki voi kutsua, k\u00e4ske\u00e4 ja karkottaa taivaan el\u00e4imi\u00e4, hy\u00f6nteisi\u00e4 ja lintuja, niin kauan kuin ne ovat luonnollisessa ymp\u00e4rist\u00f6ss\u00e4\u00e4n. Kaupunkeihin sopeutuneiden taivaan el\u00e4inten k\u00e4skeminen on my\u00f6s mahdollista, mutta vaikeampaa, ja tulokset voivat olla arvaamattomia.<\/p>\n\n\n\n<p>Taivaan v\u00e4ki hallitsee my\u00f6s <strong>virett\u00e4<\/strong>. Vire on elinvoimaa, henkist\u00e4 ja fyysist\u00e4 kuntoa, joka auttaa selvi\u00e4m\u00e4\u00e4n l\u00e4pi vastoink\u00e4ymisten, ja jopa vammojen ja tautien. Vire ei ole \u00e4killist\u00e4 kuten kulo, vaan pitk\u00e4j\u00e4nteist\u00e4 kest\u00e4vyytt\u00e4. Taivaan v\u00e4ki voi vireen avulla kest\u00e4\u00e4 paineita ja nopeuttaa paranemista taudeista tai vammoista &#8211; tai k\u00e4\u00e4nteisesti murentaa kohteen henkisen ja fyysisen hyvinvoinnin. Helpointa on k\u00e4ytt\u00e4\u00e4 virett\u00e4 itseens\u00e4, mutta sit\u00e4 on my\u00f6s mahdollista k\u00e4ytt\u00e4\u00e4 ihmisiin tai muihin vaihdokkaisiin. Vaikutus vaatii aikaa ja valtaa eik\u00e4 ole pysyv\u00e4.<\/p>\n\n\n\n<h3 class=\"wp-block-heading\">Muu vallank\u00e4ytt\u00f6<\/h3>\n\n\n\n<p>Valtaa voi k\u00e4ytt\u00e4\u00e4 my\u00f6s muilla kuin t\u00e4ss\u00e4 kuvatuilla tavoin, mutta vakiintuneista tavoista poikkeava vallank\u00e4ytt\u00f6 on usein haastavaa ja vaatii useamman vaihdokkaan yhteisty\u00f6t\u00e4. Rituaalien vaatiman harmonian aikaansaaminen on vaikeampaa silloin, kun kyseess\u00e4 on tavallisesta poikkeava tapa k\u00e4ytt\u00e4\u00e4 valtaa, mutta mahdotonta se ei ole.<\/p>\n\n\n\n<div class=\"wp-block-themeisle-blocks-advanced-columns has-1-columns has-desktop-equal-layout has-tablet-equal-layout has-mobile-equal-layout has-default-gap has-vertical-unset\" id=\"wp-block-themeisle-blocks-advanced-columns-7c645c59\"><div class=\"wp-block-themeisle-blocks-advanced-columns-overlay\"><\/div><div class=\"innerblocks-wrap\">\n<div class=\"wp-block-themeisle-blocks-advanced-column\" id=\"wp-block-themeisle-blocks-advanced-column-4750f57a\"><\/div>\n<\/div><\/div>\n","protected":false},"excerpt":{"rendered":"<p>Vaihdokkailla on voimaa, tietynlaista taikuutta, jota he voivat k\u00e4ytt\u00e4\u00e4 eri tavoin. T\u00e4t\u00e4 sanotaan vallaksi. Kaikilla vaihdokkailla on valtaa aina syntym\u00e4st\u00e4 l\u00e4htien, mutta he voivat k\u00e4ytt\u00e4\u00e4 sit\u00e4 varsin rajatusti kunnes valitsevat v\u00e4kens\u00e4. V\u00e4keen kuuluva vaihdokas voi k\u00e4ytt\u00e4\u00e4 valtaansa monipuolisemmin. Vaihdokkaan katsotaan olevan valmis valitsemaan v\u00e4kens\u00e4, kun h\u00e4n on l\u00f6yt\u00e4nyt oman tapansa k\u00e4ytt\u00e4\u00e4 valtaa ja osaa k\u00e4ytt\u00e4\u00e4<\/p>\n<p><a href=\"http:\/\/www.lasipallo.com\/vallatjavaet\/valta\/\" class=\"more-link themebutton\">Read More<\/a><\/p>\n","protected":false},"author":1,"featured_media":0,"parent":0,"menu_order":0,"comment_status":"closed","ping_status":"closed","template":"","meta":{"_themeisle_gutenberg_block_has_review":false,"footnotes":""},"_links":{"self":[{"href":"http:\/\/www.lasipallo.com\/vallatjavaet\/wp-json\/wp\/v2\/pages\/92"}],"collection":[{"href":"http:\/\/www.lasipallo.com\/vallatjavaet\/wp-json\/wp\/v2\/pages"}],"about":[{"href":"http:\/\/www.lasipallo.com\/vallatjavaet\/wp-json\/wp\/v2\/types\/page"}],"author":[{"embeddable":true,"href":"http:\/\/www.lasipallo.com\/vallatjavaet\/wp-json\/wp\/v2\/users\/1"}],"replies":[{"embeddable":true,"href":"http:\/\/www.lasipallo.com\/vallatjavaet\/wp-json\/wp\/v2\/comments?post=92"}],"version-history":[{"count":8,"href":"http:\/\/www.lasipallo.com\/vallatjavaet\/wp-json\/wp\/v2\/pages\/92\/revisions"}],"predecessor-version":[{"id":309,"href":"http:\/\/www.lasipallo.com\/vallatjavaet\/wp-json\/wp\/v2\/pages\/92\/revisions\/309"}],"wp:attachment":[{"href":"http:\/\/www.lasipallo.com\/vallatjavaet\/wp-json\/wp\/v2\/media?parent=92"}],"curies":[{"name":"wp","href":"https:\/\/api.w.org\/{rel}","templated":true}]}}