{"id":88,"date":"2020-07-15T10:09:26","date_gmt":"2020-07-15T10:09:26","guid":{"rendered":"http:\/\/www.lasipallo.com\/vallatjavaet\/?page_id=88"},"modified":"2023-06-11T13:44:01","modified_gmt":"2023-06-11T13:44:01","slug":"yhteiskunta","status":"publish","type":"page","link":"http:\/\/www.lasipallo.com\/vallatjavaet\/yhteiskunta\/","title":{"rendered":"Yhteiskunta"},"content":{"rendered":"\n<p>Vaihdokkaiden yhteiskunnalla on omat tapansa, s\u00e4\u00e4nt\u00f6ns\u00e4 ja lakinsa, joiden valvonta kuuluu aina kulloinkin vallassa olevalle v\u00e4elle. Valta siirtyy vuodenajan mukaan: kev\u00e4\u00e4ll\u00e4 valta on veden v\u00e4ell\u00e4, kes\u00e4ll\u00e4 mets\u00e4n v\u00e4ell\u00e4, syksyll\u00e4 maan v\u00e4ell\u00e4 ja talvella taivaan v\u00e4ell\u00e4. Lakien ja s\u00e4\u00e4nt\u00f6jen yksityiskohtien tulkinta ja rangaistukset saattavat vaihdella v\u00e4est\u00e4 toiseen, mutta suurempien linjojen suhteen n\u00e4kemykset ovat varsin yhtenev\u00e4t. Kukin v\u00e4ki tekee p\u00e4\u00e4t\u00f6ksi\u00e4 eri periaattein, ja kunkin v\u00e4en sis\u00e4inen hierarkia on erilainen.<\/p>\n\n\n\n<p>V\u00e4et kokoontuvat yleens\u00e4 nelj\u00e4sti vuodessa, ellei syyt\u00e4 erilliseen tapaamiseen ole. <\/p>\n\n\n\n<h3 class=\"wp-block-heading\">Perheet ja liitot<\/h3>\n\n\n\n<p>Arkiel\u00e4m\u00e4ss\u00e4 vaihdokkaat muodostavat perheryhmi\u00e4, joiden kokoonpano usein poikkeaa ihmisten ydinperheest\u00e4. Samaan perheryhm\u00e4\u00e4n voivat kuulua esimerkiksi sisarukset ja heid\u00e4n puolisonsa ja lapsensa, pariskunta ja heid\u00e4n naimattomat sukulaisensa ja yst\u00e4v\u00e4ns\u00e4, tai vaikkapa lapset, vanhemmat ja isovanhemmat. Perheet eiv\u00e4t aina perustu avioliitolle tai verisukulaisuudelle, vaan muutkin l\u00e4heiset suhteet voidaan sis\u00e4llytt\u00e4\u00e4 perheryhm\u00e4\u00e4n. Monimuotoiset perheryhm\u00e4t saattavat muuttaa kokoonpanoaan ajan kanssa, ja ryhmien hajoaminen ja uudelleenmuodostuminen katsotaan normaaliksi osaksi el\u00e4m\u00e4\u00e4. Ket\u00e4\u00e4n ei j\u00e4tet\u00e4 yksin; jokaiselle on aina paikka jossakin perheryhm\u00e4ss\u00e4. Perheryhm\u00e4\u00e4n kuuluu tyypillisesti yht\u00e4 tai kahta eri v\u00e4ke\u00e4. Perheryhm\u00e4, jossa on vastakkaisia v\u00e4ki\u00e4 &#8211; taivaan ja mets\u00e4n v\u00e4ke\u00e4 tai veden ja maan v\u00e4ke\u00e4 &#8211; on usein riitaisa eik\u00e4 sen odoteta kest\u00e4v\u00e4n pitk\u00e4\u00e4n; t\u00e4llaiset perheryhm\u00e4t usein hajoavat ja joko muodostavat uusia perheryhmi\u00e4 tai liittyv\u00e4t toisiin.<\/p>\n\n\n\n<p>Jos vaihdokkaiden perheryhm\u00e4t ovat monimuotoisia, niin ovat my\u00f6s heid\u00e4n romanttiset suhteensa ja avioliittonsa. Sukupuolten ja seksuaalisten suuntautumisten kirjo on laaja, eik\u00e4 monisuhteisuuskaan ole tavatonta. My\u00f6s moniavioisuus on sallittua. Vaihdokkaan ei kuitenkaan ole sallittua avioitua vuoden kierrossa vastakkaisen v\u00e4en kanssa &#8211; taivaan ja mets\u00e4n v\u00e4en kesken\u00e4\u00e4n tai veden ja maan v\u00e4en kesken\u00e4\u00e4n. T\u00e4ll\u00e4 tavoin s\u00e4ilytet\u00e4\u00e4n perherauha ja rauha v\u00e4kien v\u00e4lill\u00e4.<\/p>\n\n\n\n<h3 class=\"wp-block-heading\">V\u00e4ett\u00f6m\u00e4t ja vallattomat<\/h3>\n\n\n\n<p>Vaihdokkaiden yhteiskuntaan kuuluu my\u00f6s jonkin verran vallattomia. Vallaton voi olla ilman valtaa syntynyt vaihdokkaiden lapsi, vallan menett\u00e4nyt entinen vaihdokas tai syntyper\u00e4inen ihminen, joka on otettu osaksi yhteis\u00f6\u00e4 esimerkiksi avioliiton kautta. Vallattomalla ei voi olla v\u00e4ke\u00e4, eik\u00e4 heill\u00e4 ole sananvaltaa v\u00e4kien tai vaihdokkaiden asioissa.&nbsp;<\/p>\n\n\n\n<p>Vaihdokkaiden lapset eiv\u00e4t synny vanhempiensa v\u00e4keen, vaikka heill\u00e4 olisi valtaa, vaan he ovat v\u00e4ett\u00f6mi\u00e4, kunnes oppivat hallitsemaan valtaansa tiettyjen kriteerien mukaan. Kriteerien t\u00e4ytytty\u00e4 vaihdokkaan odotetaan valitsevan itselleen v\u00e4en. T\u00e4m\u00e4 saattaa tapahtua jo teini-i\u00e4ss\u00e4, mutta usein vasta parikymppisen\u00e4, yksil\u00f6st\u00e4 riippuen. Valinnastaan vaihdokas ilmoittaa vuodenaikak\u00e4r\u00e4jill\u00e4, ja valittu v\u00e4ki j\u00e4rjest\u00e4\u00e4 uudelle j\u00e4senelleen liittymisriitin joko jo samoilla k\u00e4r\u00e4jill\u00e4 tai viimeist\u00e4\u00e4n seuraavilla. Vaihdokkaita on en\u00e4\u00e4 v\u00e4h\u00e4n, ja v\u00e4et kilpailevat uusista j\u00e4senist\u00e4 usein keinoja kaihtamatta.<\/p>\n\n\n\n<p>V\u00e4ett\u00f6mill\u00e4 ei ole \u00e4\u00e4nivaltaa v\u00e4kien p\u00e4\u00e4t\u00f6ksiss\u00e4. Jos sen sijaan tehd\u00e4\u00e4n p\u00e4\u00e4t\u00f6ksi\u00e4, joissa kaikilla vaihdokkailla on \u00e4\u00e4ni, saavat my\u00f6s v\u00e4ett\u00f6m\u00e4t osallistua p\u00e4\u00e4t\u00f6ksentekoon &#8211; toisin kuin vallattomat.<\/p>\n\n\n\n<h3 class=\"wp-block-heading\">Nimet<\/h3>\n\n\n\n<p>V\u00e4en valinnan yhteydess\u00e4 vaihdokas valitsee itselleen v\u00e4kinimen, jolla h\u00e4net siit\u00e4 eteenp\u00e4in tunnetaan vaihdokasyhteis\u00f6ss\u00e4. Jokaisella v\u00e4keen kuuluvalla vaihdokkaalla on siis sek\u00e4 v\u00e4kinimi ett\u00e4 ihmisnimi. Virallisissa yhteyksiss\u00e4 ja esimerkiksi esittelyiss\u00e4 nimi esitet\u00e4\u00e4n muodossa \u201cX-v\u00e4en Y, Z:n linjaa\u201d (esim. \u201cTaivaanv\u00e4en Varis, Otson linjaa\u201d). Linjat perustuvat aina aitoihin vaihdokkaisiin, lapsena vaihdettuihin. Koska vaihdokkaat pariutuvat usein kesken\u00e4\u00e4n, useimmat vaihdokkaat ovat useampaa linjaa. N\u00e4ist\u00e4 kuitenkin mainitaan ainoastaan se linja, jonka alkuunpanijaa vaihdokas on sukupolvissa l\u00e4hinn\u00e4. N\u00e4in vanhemmat linjat v\u00e4hitellen katoavat ja uudemmat tulevat tilalle. Helsingin vaihdokkaiden keskuudessa el\u00e4vi\u00e4 linjoja on nelj\u00e4: Hauen, Naavan, Kymen ja Kokon linjat, joista Kokon linja on nuorin.<\/p>\n\n\n\n<h3 class=\"wp-block-heading\">Tavat ja lait<\/h3>\n\n\n\n<p>V\u00e4ki\u00e4 hallitsevat tavat, lait ja luonnonlait. Tapojen rikkomisesta seuraa l\u00e4hinn\u00e4 paheksuntaa ja sosiaalisia sanktioita; jos toinen vaihdokas niin vaatii, voidaan niiden rikkomista k\u00e4sitell\u00e4 my\u00f6s vuodenaikak\u00e4r\u00e4jill\u00e4 riita-asioiden ohessa. T\u00e4ss\u00e4 tapauksessa voi seurata my\u00f6s lievi\u00e4 rangaistuksia, vallassa olevasta v\u00e4est\u00e4 riippuen. Tapojen rikkomisesta on vaadittava k\u00e4r\u00e4j\u00e4k\u00e4sittely\u00e4 heti seuraavilla k\u00e4r\u00e4jill\u00e4; muuten rike vanhentuu eik\u00e4 sit\u00e4 en\u00e4\u00e4 k\u00e4sitell\u00e4 virallisesti. Lis\u00e4haastetta t\u00e4h\u00e4n tuo se, ett\u00e4 jokaisella v\u00e4ell\u00e4 on hieman erilainen tulkinta siit\u00e4, mik\u00e4 rikkoo tapoja.<\/p>\n\n\n\n<p>Rikokset v\u00e4en lakeja vastaan k\u00e4sitell\u00e4\u00e4n suurk\u00e4r\u00e4jill\u00e4. Suurk\u00e4r\u00e4j\u00e4t tapahtuvat vuodenaikak\u00e4r\u00e4jien aikaan silloin kun on tarvetta, ja ne on kutsuttava koolle edellisill\u00e4 vuodenaikak\u00e4r\u00e4jill\u00e4. Suurk\u00e4r\u00e4jill\u00e4 tuomiosta p\u00e4\u00e4tt\u00e4v\u00e4t kaikki v\u00e4et yhdess\u00e4, vallassa olevan v\u00e4en johdolla. Rangaistus on vallassa olevan v\u00e4en p\u00e4\u00e4tett\u00e4viss\u00e4, muita v\u00e4ki\u00e4 kuullen. Yhdess\u00e4 siis p\u00e4\u00e4tet\u00e4\u00e4n, onko syytetty syyllinen ja miss\u00e4 m\u00e4\u00e4rin &#8211; oliko teko tahaton (huolimaton tai varomaton teko), tahallinen (tieten lakia rikkova) vai t\u00f6rke\u00e4 (suunnitelmallinen, pitk\u00e4kestoinen, tai muutoin erityisen tuomittava) &#8211; ja t\u00e4m\u00e4n p\u00e4\u00e4t\u00f6ksen perusteella vallassa oleva v\u00e4ki p\u00e4\u00e4tt\u00e4\u00e4 rangaistuksen.<\/p>\n\n\n\n<p>Luonnonlait ovat lakeja, joita ei voi rikkoa; niiden rikkomisen yritt\u00e4minen on rangaistava teko, rikoksena suurk\u00e4r\u00e4jill\u00e4 k\u00e4sitelt\u00e4v\u00e4.&nbsp;<\/p>\n\n\n<div class=\"wp-block-image\">\n<figure class=\"aligncenter size-large is-resized\"><img loading=\"lazy\" decoding=\"async\" src=\"http:\/\/www.lasipallo.com\/vallatjavaet\/wp-content\/uploads\/2020\/07\/vvkierto2.jpg\" alt=\"\" class=\"wp-image-89\" width=\"480\" height=\"480\" srcset=\"http:\/\/www.lasipallo.com\/vallatjavaet\/wp-content\/uploads\/2020\/07\/vvkierto2.jpg 960w, http:\/\/www.lasipallo.com\/vallatjavaet\/wp-content\/uploads\/2020\/07\/vvkierto2-300x300.jpg 300w, http:\/\/www.lasipallo.com\/vallatjavaet\/wp-content\/uploads\/2020\/07\/vvkierto2-150x150.jpg 150w, http:\/\/www.lasipallo.com\/vallatjavaet\/wp-content\/uploads\/2020\/07\/vvkierto2-768x768.jpg 768w\" sizes=\"(max-width: 480px) 100vw, 480px\" \/><\/figure><\/div>\n\n\n<h4 class=\"wp-block-heading\">Vuodenaikak\u00e4r\u00e4j\u00e4t<\/h4>\n\n\n\n<p>Nelj\u00e4 kertaa vuodessa kaikki alueen vaihdokkaat kokoontuvat vuodenaikak\u00e4r\u00e4jille p\u00e4\u00e4t\u00f6ksentekoon ja vallanvaihtoon. K\u00e4r\u00e4jien ajankohdat ovat aina samat: kev\u00e4tp\u00e4iv\u00e4ntasaus, kes\u00e4p\u00e4iv\u00e4nseisaus, syysp\u00e4iv\u00e4ntasaus ja talvip\u00e4iv\u00e4nseisaus. Vuodenaikak\u00e4r\u00e4j\u00e4t p\u00e4\u00e4ttyv\u00e4t aina v\u00e4kien tanssiin, jonka aikana vuodenaika vaihtuu ja valta siirtyy toiselle v\u00e4elle. Taivaan v\u00e4ki hallitsee talvella ja tekee viimeiset p\u00e4\u00e4t\u00f6ksens\u00e4 kev\u00e4\u00e4n k\u00e4r\u00e4jill\u00e4 ennen vallan vaihtumista; kev\u00e4tt\u00e4 hallitsee vastaavasti veden v\u00e4ki, kes\u00e4\u00e4 mets\u00e4n v\u00e4ki ja syksy\u00e4 maan v\u00e4ki.<\/p>\n\n\n\n<p>Vuodenaikak\u00e4r\u00e4jill\u00e4 hoidetaan kaikki v\u00e4kien merkitt\u00e4v\u00e4t asiat: nimi\u00e4iset, vihki\u00e4iset, liittymisriitit, riita- ja s\u00e4\u00e4nt\u00f6rikkomusasiat, muistotilaisuudet. K\u00e4r\u00e4jill\u00e4 my\u00f6s k\u00e4yd\u00e4\u00e4n kauppaa, vaihdetaan kuulumisia &#8211; ja tanssitaan ja juhlitaan.<\/p>\n\n\n\n<h4 class=\"wp-block-heading\">Peijaiset<\/h4>\n\n\n\n<p>Luonnonlaki m\u00e4\u00e4r\u00e4\u00e4, ett\u00e4 kun vuosi vaihtuu, on yhden vaihdokkaan hiivuttava. Mik\u00e4li v\u00e4et eiv\u00e4t keskuudestaan valitse yht\u00e4 hiipumaan, hiipuu jokaisesta v\u00e4est\u00e4 yksi. Tavaksi on muotoutunut valita jokaisesta v\u00e4est\u00e4 yksi ehdokas peijaisneuvostoon syksyn k\u00e4r\u00e4jill\u00e4. Kukin v\u00e4ki valitsee ehdokkaansa omalla tavallaan. Peijaisneuvosto kesken\u00e4\u00e4n p\u00e4\u00e4tt\u00e4\u00e4 kuka heist\u00e4 hiipuu talven k\u00e4r\u00e4jill\u00e4, peijaisissa. P\u00e4\u00e4t\u00f6s on teht\u00e4v\u00e4 ennen talvip\u00e4iv\u00e4nseisauksen k\u00e4r\u00e4jien virallista avaamista. T\u00e4m\u00e4n j\u00e4lkeen valitulle j\u00e4rjestet\u00e4\u00e4n muistojuhla, peijaiset. K\u00e4r\u00e4jien p\u00e4\u00e4tteeksi tanssittavan vallanvaihtotanssin aikana valittu hiipuu pois.<\/p>\n\n\n\n<p>Hiipumiseksi kutsutaan sit\u00e4, kun vaihdokas hiljalleen, viikkojen, kuukausien tai vuosien aikana, menett\u00e4\u00e4 valtansa ja lopulta henkens\u00e4. N\u00e4in sanotaan k\u00e4yv\u00e4n vaihdokkaille, jotka tarinasta ja sen kertojasta riippuen pyrkiv\u00e4t rikkomaan luonnonlakeja, eiv\u00e4t k\u00e4yt\u00e4 valtaa laisinkaan ja unohtavat luontonsa, k\u00e4ytt\u00e4v\u00e4t valtaansa liikaa tai v\u00e4\u00e4rin tai asettavat ihmiset v\u00e4en edelle. Todellisuudessa n\u00e4in k\u00e4y aina silloin t\u00e4ll\u00f6in vaihdokkaille, eik\u00e4 varmaa syyt\u00e4 tiedet\u00e4. Peijaisissa prosessi on nopeampi ja kest\u00e4\u00e4 vain muutaman minuutin.<\/p>\n\n\n\n<h4 class=\"wp-block-heading\">Tavat ja s\u00e4\u00e4nn\u00f6t<\/h4>\n\n\n\n<p>Vaihdokkaiden tavat vaihtelevat v\u00e4kien v\u00e4lill\u00e4, mutta ne perustuvat silti samoihin perusperiaatteisiin. Tapojen rikkomista k\u00e4sitell\u00e4\u00e4n vuodenaikak\u00e4r\u00e4jill\u00e4 ainoastaan mik\u00e4li toinen vaihdokas niin vaatii &#8211; t\u00e4ll\u00f6in taparikkomuksesta tulee k\u00e4yt\u00e4nn\u00f6ss\u00e4 riita-asia. K\u00e4r\u00e4jill\u00e4 osallisten on perusteltava vallassa olevalle v\u00e4elle, miksi kyseess\u00e4 oleva teko on tai ei ole tapojen vastainen.<\/p>\n\n\n\n<div id=\"wp-block-themeisle-blocks-advanced-columns-9158f4ac\" class=\"wp-block-themeisle-blocks-advanced-columns has-1-columns has-desktop-equal-layout has-tablet-equal-layout has-mobile-equal-layout has-vertical-unset has-default-gap\"><div class=\"wp-block-themeisle-blocks-advanced-columns-overlay\"><\/div><div class=\"innerblocks-wrap\">\n<div id=\"wp-block-themeisle-blocks-advanced-column-a206bd95\" class=\"wp-block-themeisle-blocks-advanced-column\">\n<p>Keskeiset periaatteet tapojen takana:<\/p>\n\n\n\n<ul>\n<li>Kunnioita valtaa<\/li>\n\n\n\n<li>Kunnioita luontoa<\/li>\n\n\n\n<li>Kunnioita luonnon kiertokulkua<\/li>\n\n\n\n<li>Pid\u00e4 sanasi<\/li>\n<\/ul>\n<\/div>\n<\/div><\/div>\n\n\n\n<h4 class=\"wp-block-heading\">Lait<\/h4>\n\n\n\n<p>Lait ovat tapoja vahvempia normeja, ja niiden rikkojat tai niiden rikkomisesta ep\u00e4illyt joutuvat suurk\u00e4r\u00e4jille. T\u00e4ll\u00f6in p\u00e4\u00e4t\u00f6ksen syyllisyydest\u00e4 tekev\u00e4t kaikki v\u00e4et yhdess\u00e4, vallassa olevan v\u00e4en johdolla. My\u00f6s laeissa on jonkin verran tulkinnanvaraisuutta, mutta tulkinnoissa on v\u00e4hemm\u00e4n eroa v\u00e4kien v\u00e4lill\u00e4.<\/p>\n\n\n\n<p><strong>Veren laki<\/strong>: Vaihdokkaan ei tule vuodattaa vaihdokkaan verta.<\/p>\n\n\n\n<p><strong>Salan laki<\/strong>: Vaihdokkaiden on pysytt\u00e4v\u00e4 ihmisilt\u00e4 salassa. Ihmiselle saa kertoa vaihdokkaiden olemassaolosta vain vallassa olevan v\u00e4en luvalla.<\/p>\n\n\n\n<p><strong>Vallan ensimm\u00e4inen laki<\/strong>: Vaihdokkaalla on oikeus valtaan ja sen k\u00e4ytt\u00f6\u00f6n, kunhan se ei riko salan lakia.<\/p>\n\n\n\n<p><strong>Vallan toinen laki<\/strong>: Vaihdokkaaseen ei tule luvatta k\u00e4ytt\u00e4\u00e4 valtaa, ellei t\u00e4m\u00e4 ole rikkonut julkeuden lakia.<\/p>\n\n\n\n<p><strong>Julkeuden laki<\/strong>: Julkeaa on vaatia itselleen toisen valtaa. Silloin saa ansionsa mukaan.<\/p>\n\n\n\n<p><strong>Kaupan laki<\/strong>: Kaupassa annetusta sanasta on pidett\u00e4v\u00e4 kiinni.<\/p>\n\n\n\n<p><strong>Sanan laki<\/strong>: K\u00e4r\u00e4jill\u00e4 ei tule valehdella.<\/p>\n\n\n\n<h5 class=\"wp-block-heading\">Historialliset lait jotka eiv\u00e4t en\u00e4\u00e4 voimassa:<\/h5>\n\n\n\n<p><strong>Liiton laki<\/strong>: Vaihdokas ei voi vihkiyty\u00e4 vastakkaisen v\u00e4en kanssa. &#8211; Kumottu Suurk\u00e4r\u00e4jill\u00e4 2023.<\/p>\n\n\n\n<p><\/p>\n\n\n\n<h4 class=\"wp-block-heading\">Luonnon lait<\/h4>\n\n\n\n<p>Luonnon lait ovat rikkomattomia &#8211; niit\u00e4 ei kukaan pysty rikkomaan, vaikka haluaisikin. Vaihdokkailla on lukuisia tarinoita siit\u00e4 mit\u00e4 tapahtuu, jos yritt\u00e4\u00e4 toimia luonnon lakeja vastaan: seuraukset ovat poikkeuksetta katastrofaaliset. T\u00e4m\u00e4n vuoksi pelkk\u00e4 yritys rikkoa luonnon lakeja on rikos, josta joutuu suurk\u00e4r\u00e4jille. Luonnon laeissa ei ole tulkinnanvaraa.<\/p>\n\n\n\n<p><strong>Kierron laki<\/strong>: Kun vuodenaihka vaihtuu, niin vaihtuu valtakin.&nbsp;<\/p>\n\n\n\n<p><strong>Peijaisten laki:<\/strong> Kun vuosi vaihtuu, on jonkun hiivuttava.<\/p>\n\n\n\n<p><strong>Valan laki<\/strong>: Joka vallan ja v\u00e4en kautta valan vannoo, ei sit\u00e4 pysty rikkomaan.<\/p>\n\n\n\n<p><\/p>\n","protected":false},"excerpt":{"rendered":"<p>Vaihdokkaiden yhteiskunnalla on omat tapansa, s\u00e4\u00e4nt\u00f6ns\u00e4 ja lakinsa, joiden valvonta kuuluu aina kulloinkin vallassa olevalle v\u00e4elle. Valta siirtyy vuodenajan mukaan: kev\u00e4\u00e4ll\u00e4 valta on veden v\u00e4ell\u00e4, kes\u00e4ll\u00e4 mets\u00e4n v\u00e4ell\u00e4, syksyll\u00e4 maan v\u00e4ell\u00e4 ja talvella taivaan v\u00e4ell\u00e4. Lakien ja s\u00e4\u00e4nt\u00f6jen yksityiskohtien tulkinta ja rangaistukset saattavat vaihdella v\u00e4est\u00e4 toiseen, mutta suurempien linjojen suhteen n\u00e4kemykset ovat varsin yhtenev\u00e4t. Kukin<\/p>\n<p><a href=\"http:\/\/www.lasipallo.com\/vallatjavaet\/yhteiskunta\/\" class=\"more-link themebutton\">Read More<\/a><\/p>\n","protected":false},"author":1,"featured_media":0,"parent":0,"menu_order":0,"comment_status":"closed","ping_status":"closed","template":"","meta":{"_themeisle_gutenberg_block_has_review":false,"footnotes":""},"_links":{"self":[{"href":"http:\/\/www.lasipallo.com\/vallatjavaet\/wp-json\/wp\/v2\/pages\/88"}],"collection":[{"href":"http:\/\/www.lasipallo.com\/vallatjavaet\/wp-json\/wp\/v2\/pages"}],"about":[{"href":"http:\/\/www.lasipallo.com\/vallatjavaet\/wp-json\/wp\/v2\/types\/page"}],"author":[{"embeddable":true,"href":"http:\/\/www.lasipallo.com\/vallatjavaet\/wp-json\/wp\/v2\/users\/1"}],"replies":[{"embeddable":true,"href":"http:\/\/www.lasipallo.com\/vallatjavaet\/wp-json\/wp\/v2\/comments?post=88"}],"version-history":[{"count":11,"href":"http:\/\/www.lasipallo.com\/vallatjavaet\/wp-json\/wp\/v2\/pages\/88\/revisions"}],"predecessor-version":[{"id":390,"href":"http:\/\/www.lasipallo.com\/vallatjavaet\/wp-json\/wp\/v2\/pages\/88\/revisions\/390"}],"wp:attachment":[{"href":"http:\/\/www.lasipallo.com\/vallatjavaet\/wp-json\/wp\/v2\/media?parent=88"}],"curies":[{"name":"wp","href":"https:\/\/api.w.org\/{rel}","templated":true}]}}