{"id":78,"date":"2020-07-15T09:55:46","date_gmt":"2020-07-15T09:55:46","guid":{"rendered":"http:\/\/www.lasipallo.com\/vallatjavaet\/?page_id=78"},"modified":"2023-06-11T13:39:04","modified_gmt":"2023-06-11T13:39:04","slug":"historia","status":"publish","type":"page","link":"http:\/\/www.lasipallo.com\/vallatjavaet\/historia\/","title":{"rendered":"Historia"},"content":{"rendered":"\n<p>Jo ennen ihmiskunnan synty\u00e4 maailmassa oli vahvoja voimia, luonnonhenki\u00e4, haltijoita, v\u00e4ki\u00e4. Ja yht\u00e4 kauan kuin maailmassa on ollut ihmisi\u00e4, on ollut my\u00f6s vaihdokkaita, ihmislasten tilalle vaihdettuja v\u00e4en lapsia. Pieniss\u00e4 yhteis\u00f6iss\u00e4 vaihdokkailla oli usein vaikeaa. Heit\u00e4 pidettiin erilaisina, outoina, ep\u00e4ilytt\u00e4vin\u00e4, jopa pahoina. Ihmiskunnan ja yhteis\u00f6jen kasvaessa vaihdokkaiden el\u00e4m\u00e4 helpottui jonkin verran, mutta vasta kaupungistumisen my\u00f6t\u00e4 he alkoivat kukoistaa. Kaupungeissa oli helpompi el\u00e4\u00e4 ihmisten huomaamatta &#8211; ja kaupungeissa oli enemm\u00e4n vaihdokkaita, tarpeeksi oman yhteis\u00f6n muodostamiseen.&nbsp;<\/p>\n\n\n\n<p>1800-luvun loppu ja 1900-luvun alku olivat vaihdokkaiden kulta-aikaa. He alkoivat kokoontua j\u00e4rjest\u00e4ytyneemmin, pariutua kesken\u00e4\u00e4n ja ihmisten kanssa, lis\u00e4\u00e4nty\u00e4. Ja vaikka he huomasivat, ett\u00e4 aitoja vaihdokkaita oli entist\u00e4 harvemmassa, he eiv\u00e4t olleet siit\u00e4 kovin huolissaan. Olihan vaihdokkaiden lapsilla aina v\u00e4en voimia, ja heid\u00e4n kauttaan yhteis\u00f6n jatkuvuus oli taattu.<\/p>\n\n\n\n<p>Viimeisen aidon vaihdokkaan ilmestymisest\u00e4 Helsinkiin on sata vuotta. T\u00e4m\u00e4nkin j\u00e4lkeen vaihdokkaiden m\u00e4\u00e4r\u00e4 kaupungissa kasvoi yh\u00e4, erityisesti v\u00e4est\u00f6n lis\u00e4\u00e4ntyess\u00e4 sotien j\u00e4lkeen ja Helsingin kasvaessa rajusti 1950- ja 1960-luvuilla. Vaihdokkaita syntyi paljon ja heit\u00e4 my\u00f6s muutti pienemmist\u00e4 yhteis\u00f6ist\u00e4 kaupunkiin. 1970-luvulla Helsingin vaihdokasyhteis\u00f6 oli suurimmillaan, vaikka aitoja vaihdokkaita ei ollut n\u00e4hty yli puoleen vuosisataan.<\/p>\n\n\n\n<p>1980-luvulla syntyi ensimm\u00e4isen kerran vaihdokkaalle lapsi, jolla ei ollutkaan v\u00e4en voimia, <em>valtaa<\/em>. Lapsi, joka oli kaikin tavoin ihminen. Perhe piti t\u00e4m\u00e4n pitk\u00e4\u00e4n salaisuutena, mutta se tuli ilmi my\u00f6hemmin, kun <em>vallattomia<\/em> lapsia alkoi synty\u00e4 lis\u00e4\u00e4 suhteessa vaihdokaslapsiin. Samalla syntyvyys koko kansan keskuudessa oli laskenut, niin my\u00f6s vaihdokkaiden parissa. Hiipumisten, peijaisten ja luonnollisten kuolemien my\u00f6t\u00e4 vaihdokkaiden m\u00e4\u00e4r\u00e4 k\u00e4\u00e4ntyi laskuun. Tilanne kehittyi hiljalleen, ja vasta viime vuosina Helsingin vaihdokkaat ovat havahtuneet siihen, ett\u00e4 heit\u00e4 on j\u00e4ljell\u00e4 alle puolet siit\u00e4 kuinka paljon heit\u00e4 oli 1970-luvulla &#8211; eik\u00e4 uusia vaihdokkaita en\u00e4\u00e4 synny, ei ole syntynyt moneen vuoteen. Muissa vaihdokasyhteis\u00f6iss\u00e4 tilanne on samanlainen.<\/p>\n\n\n\n<div id=\"wp-block-themeisle-blocks-advanced-columns-8eb30655\" class=\"wp-block-themeisle-blocks-advanced-columns has-1-columns has-desktop-equal-layout has-tablet-equal-layout has-mobile-equal-layout has-vertical-unset has-default-gap\"><div class=\"wp-block-themeisle-blocks-advanced-columns-overlay\"><\/div><div class=\"innerblocks-wrap\">\n<div id=\"wp-block-themeisle-blocks-advanced-column-c917e3da\" class=\"wp-block-themeisle-blocks-advanced-column\">\n<h3 class=\"wp-block-heading\">Merkitt\u00e4vi\u00e4 tapahtumia Helsingin vaihdokkaiden historiassa<\/h3>\n\n\n\n<ul>\n<li>1962 &#8211; Taivaanv\u00e4en Kokko haastaa taivaanv\u00e4en Vasaman talven k\u00e4r\u00e4jill\u00e4 valtataisteluun ja voittaa, siirtyen taivaanv\u00e4en johtoon.<\/li>\n\n\n\n<li>1973 &#8211; Taivaanv\u00e4en Viti ja Huuhkaja ja maanv\u00e4en T\u00f6rm\u00e4 perustavat yhdess\u00e4 rakennusfirma Taivaanranta Oy:n, joka vuosien mittaan kasvaa merkitt\u00e4v\u00e4ksi toimijaksi alalla. Omistus on nykyp\u00e4iv\u00e4n\u00e4 hajautuneempi, mutta kaikki osakkeet ovat v\u00e4en hallussa.&nbsp;<\/li>\n\n\n\n<li>1975 &#8211; Taivaanv\u00e4en Siipi ja mets\u00e4nv\u00e4en Kaarna menev\u00e4t salaa naimisiin, vaikka ovat vastakkaisia v\u00e4ki\u00e4. Liittoa ei tunnusteta, ja pariskunta suljetaan v\u00e4kiyhteis\u00f6n ulkopuolelle. <\/li>\n\n\n\n<li>1977 &#8211; Siiven ja Kaarnan riitaisa liitto p\u00e4\u00e4ttyy eroon, ja heid\u00e4t hyv\u00e4ksyt\u00e4\u00e4n takaisin v\u00e4kiyhteis\u00f6\u00f6n. Pian Siipi j\u00e4tt\u00e4\u00e4 yhteis\u00f6n ja muuttaa pois kaupungista, j\u00e4tt\u00e4en pariskunnan lapset Kaarna-is\u00e4n huomaan<\/li>\n\n\n\n<li>1984 &#8211; Maanv\u00e4en M\u00e4yr\u00e4 tuomitaan suurk\u00e4r\u00e4jill\u00e4 mets\u00e4nv\u00e4en K\u00e4rp\u00e4n pahoinpitelyst\u00e4. M\u00e4yr\u00e4 joutuu hyvitt\u00e4m\u00e4\u00e4n tekonsa palveluksella, ja lis\u00e4ksi menett\u00e4\u00e4 valtansa vuodeksi.<\/li>\n\n\n\n<li>1985 &#8211; Vedenv\u00e4en Kuru j\u00e4tt\u00e4\u00e4 perheens\u00e4: pakkaa laukun ja katoaa, j\u00e4tt\u00e4en omilleen puolisonsa vedenv\u00e4en Virran ja lapsensa vedenv\u00e4en Nevan. Vanhempi lapsi maanv\u00e4en M\u00e4yr\u00e4 on jo aikuinen.<\/li>\n\n\n\n<li>1990 &#8211; Vedenv\u00e4en S\u00e4yne valitaan hiipumaan peijaisissa. T\u00e4m\u00e4n kihlattu, vedenv\u00e4en Neva, yritt\u00e4\u00e4 peijaisissa est\u00e4\u00e4 S\u00e4yneen hiipumisen ja ottaa t\u00e4m\u00e4n paikan, aiheuttaen melkoisen kohtauksen. Neva ep\u00e4onnistuu ja S\u00e4yne hiipuu.<\/li>\n\n\n\n<li>1991 &#8211; Kev\u00e4\u00e4n k\u00e4r\u00e4jill\u00e4 Nevaa syytet\u00e4\u00e4n luonnonlakien rikkomisen yritt\u00e4misest\u00e4 peijaisissa, mutta h\u00e4net todetaan syytt\u00f6m\u00e4ksi.<\/li>\n\n\n\n<li>1993 &#8211; Vedenv\u00e4en Tulva erotetaan v\u00e4est\u00e4\u00e4n. T\u00e4m\u00e4 harvinainen tapahtuma aiheuttaa melkoisen skandaalin. My\u00f6hemmin samana vuonna h\u00e4nest\u00e4 tulee mets\u00e4nv\u00e4en Susi.<\/li>\n\n\n\n<li>1997 &#8211; Mets\u00e4nv\u00e4en Honka joutuu suurk\u00e4r\u00e4jille k\u00e4ytetty\u00e4\u00e4n valtaa vedenv\u00e4en Murtoon. Honka puolustautuu julkeuden lailla, sanoen, ett\u00e4 Murto oli vaatinut h\u00e4nen valtaansa. Murto kielt\u00e4\u00e4 tehneens\u00e4 niin, mutta k\u00e4r\u00e4jien p\u00e4\u00e4tteeksi Honka vapautetaan syytteest\u00e4 ja Murto tuomitaan julkeuden lain rikkomisesta. Rangaistuksena h\u00e4nen on tunnustettava tekonsa ja pyydett\u00e4v\u00e4 Hongalta anteeksi k\u00e4r\u00e4jill\u00e4 kaiken v\u00e4en edess\u00e4.<\/li>\n\n\n\n<li>1998 &#8211; Mets\u00e4nv\u00e4en K\u00e4rpp\u00e4 tapetaan. Suurk\u00e4r\u00e4jill\u00e4 mets\u00e4nv\u00e4en Ahma tuomitaan murhasta ja todistajien muistojen sumulla h\u00e4ivytt\u00e4misest\u00e4 menett\u00e4m\u00e4\u00e4n valtansa pysyv\u00e4sti.<\/li>\n\n\n\n<li>1999 &#8211; Taivaanv\u00e4en Nietos paljastaa luvatta vaihdokkaiden olemassaolon miesyst\u00e4v\u00e4lleen Jannelle, rikkoen t\u00e4ten salan lakia. Suurk\u00e4r\u00e4jill\u00e4 todetaan Nietos syylliseksi, mutta lievent\u00e4vien asianhaarojen vallitessa rangaistus on nimellinen. Janne otetaan osaksi yhteis\u00f6\u00e4, ja my\u00f6hemmin samana vuonna Nietos ja Janne menev\u00e4t naimisiin.<\/li>\n\n\n\n<li>2000 &#8211; Mets\u00e4nv\u00e4en Kelo katoaa j\u00e4lke\u00e4 j\u00e4tt\u00e4m\u00e4tt\u00e4 vedenv\u00e4en Murron j\u00e4tetty\u00e4 h\u00e4net.<\/li>\n\n\n\n<li>2001 &#8211; Vedenv\u00e4en Aava julkaisee ihmisnimell\u00e4\u00e4n ensimm\u00e4isen kirjansa, vahvasti suomalaisesta mytologiasta ammentavan romanttisen viihderomaanin \u201cTapion morsian\u201d. T\u00e4m\u00e4n j\u00e4lkeen h\u00e4n julkaisee samankaltaisia kirjoja noin yhden vuodessa. V\u00e4kinuoriso alkaa kutsua kirjoja \u201ckeijupornoksi\u201d.<\/li>\n\n\n\n<li>2007 &#8211; Viimeisin tunnettu vaihdokas Ilo syntyy. Ilon j\u00e4lkeen vaihdokasyhteis\u00f6\u00f6n ei ole syntynyt yht\u00e4\u00e4n lasta.<\/li>\n\n\n\n<li>2013 &#8211; Taivaanv\u00e4en Halla valitaan peijaisneuvostoon, ja pian t\u00e4m\u00e4n j\u00e4lkeen paljastuu, ett\u00e4 Hallalla on aivokasvain. Taivaanv\u00e4ke\u00e4 syytet\u00e4\u00e4n sairaan laittamisesta neuvostoon, mik\u00e4 on tavan vastaista: peijaisneuvoston j\u00e4senten on oltava terveit\u00e4. Sairaudesta ei kuitenkaan tiedetty ennen valintaa, joten valinta pit\u00e4\u00e4 ja Halla osallistuu neuvostoon.<\/li>\n\n\n\n<li>2014 &#8211; Mets\u00e4nv\u00e4en Susi syytt\u00e4\u00e4 taivaanv\u00e4en Nietosta sovitun kaupan perumisesta. Sopua ei sovittelun kautta synny, ja asia etenee k\u00e4r\u00e4jille. Lopulta asia ratkaistaan valtataistelulla, jonka Nietos voittaa t\u00e4p\u00e4r\u00e4sti.<\/li>\n\n\n\n<li>2018 &#8211; Mets\u00e4nv\u00e4en K\u00e4ki tuomitaan suurk\u00e4r\u00e4jill\u00e4 vedenv\u00e4en Riitteen pahoinpitelyst\u00e4 menett\u00e4m\u00e4\u00e4n valtansa kuukaudeksi. Tuomiota pidet\u00e4\u00e4n kovin liev\u00e4n\u00e4. Suurk\u00e4r\u00e4jien aikana vallassa on mets\u00e4nv\u00e4ki.<\/li>\n\n\n\n<li>2018 &#8211; Peijaisneuvosto ei saa aikaan p\u00e4\u00e4t\u00f6st\u00e4 siit\u00e4, kuka hiipuisi, ja lopputuloksena kaikki nelj\u00e4 hiipuvat: vedenv\u00e4en Luhta, taivaanv\u00e4en J\u00e4\u00e4, maanv\u00e4en M\u00e4yr\u00e4 ja mets\u00e4nv\u00e4en Kauris.<\/li>\n\n\n\n<li>2019 &#8211; Ryhm\u00e4 ihmisi\u00e4 kaappaa nelj\u00e4 nuorta vaihdokasta ja yritt\u00e4\u00e4 vied\u00e4 heid\u00e4n valtansa. Nuoret pelastetaan, mutta kokemus on heille traumaattinen. Kaapatut nuoret ovat v\u00e4et\u00f6n Runo, vedenv\u00e4en Merit\u00e4hti, taivaanv\u00e4en Tuisku ja maanv\u00e4en Rakka. Salan lain merkitys kasvaa.<\/li>\n\n\n\n<li>2020 &#8211; Maanv\u00e4en Rakka valitaan hiipumaan peijaisissa. Moni uskoo h\u00e4nen vapaaehtoistuneen hiipumaan, mutta neuvostossa olleet eiv\u00e4t asiasta puhu.<\/li>\n\n\n\n<li>2021 &#8211; Mets\u00e4nv\u00e4en Kettu paljastaa vaihdokkaiden olemassaolon ihmiselle, rikkoen salan lakia. Kes\u00e4ll\u00e4 pidet\u00e4\u00e4n suurk\u00e4r\u00e4j\u00e4t ja Kettu todetaan syylliseksi. Kettu m\u00e4\u00e4r\u00e4t\u00e4\u00e4n tunnustamaan julkisesti tekonsa ja pyyt\u00e4m\u00e4\u00e4n v\u00e4kiyhteis\u00f6lt\u00e4 anteeksi, mutta h\u00e4n kielt\u00e4ytyy. H\u00e4nen valtansa vied\u00e4\u00e4n, kunnes h\u00e4n puolen vuoden j\u00e4lkeen talven k\u00e4r\u00e4jill\u00e4 suorittaa m\u00e4\u00e4r\u00e4tyn anteeksipyynn\u00f6n ja saa valtansa takaisin.<\/li>\n\n\n\n<li>2023 &#8211; Taivaanv\u00e4en Revontuli kuolee \u00e4killiseen sairaskohtaukseen tammikuussa.<\/li>\n\n\n\n<li>2023 &#8211; Kes\u00e4kuussa suurk\u00e4r\u00e4jill\u00e4 kumotaan Liiton laki<\/li>\n<\/ul>\n<\/div>\n<\/div><\/div>\n\n\n\n<p><\/p>\n","protected":false},"excerpt":{"rendered":"<p>Jo ennen ihmiskunnan synty\u00e4 maailmassa oli vahvoja voimia, luonnonhenki\u00e4, haltijoita, v\u00e4ki\u00e4. Ja yht\u00e4 kauan kuin maailmassa on ollut ihmisi\u00e4, on ollut my\u00f6s vaihdokkaita, ihmislasten tilalle vaihdettuja v\u00e4en lapsia. Pieniss\u00e4 yhteis\u00f6iss\u00e4 vaihdokkailla oli usein vaikeaa. Heit\u00e4 pidettiin erilaisina, outoina, ep\u00e4ilytt\u00e4vin\u00e4, jopa pahoina. Ihmiskunnan ja yhteis\u00f6jen kasvaessa vaihdokkaiden el\u00e4m\u00e4 helpottui jonkin verran, mutta vasta kaupungistumisen my\u00f6t\u00e4 he<\/p>\n<p><a href=\"http:\/\/www.lasipallo.com\/vallatjavaet\/historia\/\" class=\"more-link themebutton\">Read More<\/a><\/p>\n","protected":false},"author":1,"featured_media":0,"parent":0,"menu_order":0,"comment_status":"closed","ping_status":"closed","template":"","meta":{"_themeisle_gutenberg_block_has_review":false,"footnotes":""},"_links":{"self":[{"href":"http:\/\/www.lasipallo.com\/vallatjavaet\/wp-json\/wp\/v2\/pages\/78"}],"collection":[{"href":"http:\/\/www.lasipallo.com\/vallatjavaet\/wp-json\/wp\/v2\/pages"}],"about":[{"href":"http:\/\/www.lasipallo.com\/vallatjavaet\/wp-json\/wp\/v2\/types\/page"}],"author":[{"embeddable":true,"href":"http:\/\/www.lasipallo.com\/vallatjavaet\/wp-json\/wp\/v2\/users\/1"}],"replies":[{"embeddable":true,"href":"http:\/\/www.lasipallo.com\/vallatjavaet\/wp-json\/wp\/v2\/comments?post=78"}],"version-history":[{"count":14,"href":"http:\/\/www.lasipallo.com\/vallatjavaet\/wp-json\/wp\/v2\/pages\/78\/revisions"}],"predecessor-version":[{"id":384,"href":"http:\/\/www.lasipallo.com\/vallatjavaet\/wp-json\/wp\/v2\/pages\/78\/revisions\/384"}],"wp:attachment":[{"href":"http:\/\/www.lasipallo.com\/vallatjavaet\/wp-json\/wp\/v2\/media?parent=78"}],"curies":[{"name":"wp","href":"https:\/\/api.w.org\/{rel}","templated":true}]}}