{"id":273,"date":"2021-08-15T17:20:29","date_gmt":"2021-08-15T17:20:29","guid":{"rendered":"http:\/\/www.lasipallo.com\/vallatjavaet\/?page_id=273"},"modified":"2022-10-11T19:27:31","modified_gmt":"2022-10-11T19:27:31","slug":"peijaiset","status":"publish","type":"page","link":"http:\/\/www.lasipallo.com\/vallatjavaet\/peijaiset\/","title":{"rendered":"Peijaiset"},"content":{"rendered":"\n<div class=\"wp-block-themeisle-blocks-advanced-columns has-1-columns has-desktop-equal-layout has-tablet-equal-layout has-mobile-equal-layout has-default-gap has-vertical-unset\" id=\"wp-block-themeisle-blocks-advanced-columns-64f951d4\"><div class=\"wp-block-themeisle-blocks-advanced-columns-overlay\"><\/div><div class=\"innerblocks-wrap\">\n<div class=\"wp-block-themeisle-blocks-advanced-column\" id=\"wp-block-themeisle-blocks-advanced-column-57c78191\">\n<p>On luonnonlaki, ett\u00e4 kerran vuodessa yhden vaihdokkaan on hiivuttava. T\u00e4m\u00e4 on totuus, jota ei voi v\u00e4ltt\u00e4\u00e4 eik\u00e4 kiert\u00e4\u00e4: kaikki tuntevat tarinoita vuosista, jolloin ket\u00e4\u00e4n ei valittu peijaisiin ja kaikki v\u00e4et menettiv\u00e4t talvip\u00e4iv\u00e4nseisauksena yhden omistaan. T\u00e4st\u00e4 on my\u00f6s varsin tuore esimerkki: vuonna 2018 peijaisneuvosto ei p\u00e4\u00e4ssyt sopuun siit\u00e4, kuka neuvostosta hiipuisi, ja lopulta kaikki nelj\u00e4 hiipuivat. Mik\u00e4li edes neuvostoa ei valita, hiipuu jokaisesta v\u00e4est\u00e4 satunnaisesti joku.<\/p>\n\n\n\n<p>Peijaisneuvosto koostuu aina nelj\u00e4st\u00e4 vaihdokkaasta: kukin v\u00e4ki valitsee syksyn vuodenaikak\u00e4r\u00e4jill\u00e4 neuvostoon oman edustajansa. V\u00e4et p\u00e4\u00e4tt\u00e4v\u00e4t edustajansa itsen\u00e4isesti ja omalla tavallaan, tiet\u00e4m\u00e4tt\u00e4 muiden v\u00e4kien valinnoista. Neuvostoon valittavan vaihdokkaan on oltava terve ja t\u00e4ysivaltainen &#8211; jo hiipumassa oleva vaihdokas ei kelpaa peijaisneuvostoon. Peijaisneuvostossa voi olla kaikenik\u00e4isi\u00e4 vaihdokkaita &#8211; usein nuoria vaihdokkaita kannustetaan osallistumaan, jotta he oppisivat ymm\u00e4rt\u00e4m\u00e4\u00e4n peijaisia ja hiipumista. On kuitenkin harvinaista, ett\u00e4 hyvin nuori vaihdokas valitaan hiipumaan.<\/p>\n\n\n\n<p>Peijaisneuvosto p\u00e4\u00e4tt\u00e4\u00e4 kesken\u00e4\u00e4n, miten j\u00e4rjest\u00e4\u00e4 toimintansa. Peijaisneuvoston asioista ei puhuta neuvoston ulkopuolella. Kukaan, joka ei neuvostossa ollut, ei saa tiet\u00e4\u00e4, miten p\u00e4\u00e4t\u00f6s hiipujasta tehtiin. T\u00e4m\u00e4n hiljaisuusvelvoitteen rikkominen on rangaistava teko.<\/p>\n\n\n\n<p>Tapoja p\u00e4\u00e4tt\u00e4\u00e4 kuka neuvostosta hiipuu on lukuisia. Joskus joku neuvostosta vapaaehtoistuu, jolloin sen suurempia neuvotteluja ei tarvita. Joskus hiipuja arvotaan. Joskus neuvosto \u00e4\u00e4nest\u00e4\u00e4, kunnes kolmen \u00e4\u00e4nen enemmist\u00f6 syntyy, ja joskus taas haetaan konsensusta. Joskus neuvoston j\u00e4senet k\u00e4yv\u00e4t valtataisteluita, ja h\u00e4vi\u00e4j\u00e4 hiipuu &#8211; tai voittaja p\u00e4\u00e4tt\u00e4\u00e4 hiipujan. Peijaisneuvoston ensimm\u00e4inen teht\u00e4v\u00e4 onkin p\u00e4\u00e4tt\u00e4\u00e4, mill\u00e4 tavoin hiipuja tullaan valitsemaan. T\u00e4m\u00e4n j\u00e4lkeen p\u00e4\u00e4t\u00f6stapaa ei voida muuttaa kuin yksimielisell\u00e4 p\u00e4\u00e4t\u00f6ksell\u00e4.<\/p>\n\n\n\n<p>Viimeisen nelj\u00e4n vuoden ajan hiipuja on ollut maanv\u00e4ke\u00e4. T\u00e4m\u00e4 on ollut maanv\u00e4elle raskasta, ja heit\u00e4 on nykyisin v\u00e4hemm\u00e4n kuin mit\u00e4\u00e4n muuta v\u00e4ke\u00e4. Koska uusia vaihdokkaita ei ole pitk\u00e4\u00e4n aikaan syntynyt, vuosittaisten hiipumisten ja muiden kuolemien my\u00f6t\u00e4 vaihdokkaita on v\u00e4hemm\u00e4n kuin koskaan.<\/p>\n\n\n\n<p>Alla olevasta taulukosta n\u00e4kyv\u00e4t peijaisneuvostojen j\u00e4senet ja hiipumaan valitut 2000-luvulla. Hiipuneet on merkitty asteriksilla.<\/p>\n\n\n\n<p><\/p>\n\n\n\n<figure class=\"wp-block-table\"><table><tbody><tr><td><\/td><td><strong>Vedenv\u00e4ki<\/strong><\/td><td><strong>Maanv\u00e4ki<\/strong><\/td><td><strong>Taivaanv\u00e4ki<\/strong><\/td><td><strong>Mets\u00e4nv\u00e4ki<\/strong><\/td><\/tr><tr><td>2001<\/td><td>Luoto<\/td><td>T\u00f6rm\u00e4<\/td><td>Nietos<\/td><td><strong>K\u00e4py *<\/strong><\/td><\/tr><tr><td>2002<\/td><td>Aava<\/td><td>Hiili<\/td><td><strong>Varis *<\/strong><\/td><td>Susi<\/td><\/tr><tr><td>2003<\/td><td><strong>Virta *<\/strong><\/td><td>Santa<\/td><td>Viti<\/td><td>Pihlaja<\/td><\/tr><tr><td>2004<\/td><td><strong>Mura *<\/strong><\/td><td>T\u00f6rm\u00e4<\/td><td>Myrsky<\/td><td>Kaarna<\/td><\/tr><tr><td>2005<\/td><td>Suvanto<\/td><td><strong>Hieta *<\/strong><\/td><td>Sade<\/td><td>Tammi<\/td><\/tr><tr><td>2006<\/td><td>Neva<\/td><td>Kallio<\/td><td>Halla<\/td><td><strong>Piikki *<\/strong><\/td><\/tr><tr><td>2007<\/td><td>Murto<\/td><td>Rotko<\/td><td>Nietos<\/td><td><strong>Mahla *<\/strong><\/td><\/tr><tr><td>2008<\/td><td>Luhta<\/td><td><strong>S\u00e4lp\u00e4 *<\/strong><\/td><td>Viti<\/td><td>Kaarna<\/td><\/tr><tr><td>2009<\/td><td>Aava<\/td><td>Kallio<\/td><td>Myrsky<\/td><td><strong>Supi *<\/strong><\/td><\/tr><tr><td>2010<\/td><td>Alli<\/td><td>Vaski<\/td><td><strong>Viti *<\/strong><\/td><td>Kauris<\/td><\/tr><tr><td>2011<\/td><td>Pisara<\/td><td><strong>T\u00f6rm\u00e4 *<\/strong><\/td><td>Routa<\/td><td>Susi<\/td><\/tr><tr><td>2012<\/td><td><strong>Luoto *<\/strong><\/td><td>Notko<\/td><td>Halla<\/td><td>Kaarna<\/td><\/tr><tr><td>2013<\/td><td>Neva<\/td><td>Topaasi<\/td><td>Nietos<\/td><td><strong>Pihlaja *<\/strong><\/td><\/tr><tr><td>2014<\/td><td><strong>Alli *<\/strong><\/td><td>Santa<\/td><td>Myrsky<\/td><td>K\u00e4ki<\/td><\/tr><tr><td>2015<\/td><td>Murto<\/td><td><strong>Vaski *<\/strong><\/td><td>Routa<\/td><td>Susi<\/td><\/tr><tr><td>2016<\/td><td>Suvanto<\/td><td>M\u00e4yr\u00e4<\/td><td>Sade<\/td><td><strong>Kaarna *<\/strong><\/td><\/tr><tr><td>2017<\/td><td><strong>Pisara *<\/strong><\/td><td>Hiili<\/td><td>Myrsky<\/td><td>Tammi<\/td><\/tr><tr><td>2018<\/td><td><strong>Luhta *<\/strong><\/td><td><strong>M\u00e4yr\u00e4 *<\/strong><\/td><td><strong>J\u00e4\u00e4 * <\/strong><\/td><td><strong>Kauris *<\/strong><\/td><\/tr><tr><td>2019<\/td><td>Luoma<\/td><td><strong>Notko *<\/strong><\/td><td>Myrsky<\/td><td>Havu<\/td><\/tr><tr><td>2020<\/td><td>Luoma<\/td><td><strong>Rakka *<\/strong><\/td><td>Nietos<\/td><td>Kettu<\/td><\/tr><tr><td>2021<\/td><td>Luoma<\/td><td><strong>Topaasi *<\/strong><\/td><td>Sade<\/td><td>Susi<\/td><\/tr><tr><td>2022<\/td><td>Luoma<\/td><td><strong>Santa *<\/strong><\/td><td>Routa<\/td><td>Tammi<\/td><\/tr><\/tbody><\/table><\/figure>\n<\/div>\n<\/div><\/div>\n","protected":false},"excerpt":{"rendered":"","protected":false},"author":1,"featured_media":0,"parent":0,"menu_order":0,"comment_status":"closed","ping_status":"closed","template":"","meta":{"_themeisle_gutenberg_block_has_review":false,"footnotes":""},"_links":{"self":[{"href":"http:\/\/www.lasipallo.com\/vallatjavaet\/wp-json\/wp\/v2\/pages\/273"}],"collection":[{"href":"http:\/\/www.lasipallo.com\/vallatjavaet\/wp-json\/wp\/v2\/pages"}],"about":[{"href":"http:\/\/www.lasipallo.com\/vallatjavaet\/wp-json\/wp\/v2\/types\/page"}],"author":[{"embeddable":true,"href":"http:\/\/www.lasipallo.com\/vallatjavaet\/wp-json\/wp\/v2\/users\/1"}],"replies":[{"embeddable":true,"href":"http:\/\/www.lasipallo.com\/vallatjavaet\/wp-json\/wp\/v2\/comments?post=273"}],"version-history":[{"count":4,"href":"http:\/\/www.lasipallo.com\/vallatjavaet\/wp-json\/wp\/v2\/pages\/273\/revisions"}],"predecessor-version":[{"id":312,"href":"http:\/\/www.lasipallo.com\/vallatjavaet\/wp-json\/wp\/v2\/pages\/273\/revisions\/312"}],"wp:attachment":[{"href":"http:\/\/www.lasipallo.com\/vallatjavaet\/wp-json\/wp\/v2\/media?parent=273"}],"curies":[{"name":"wp","href":"https:\/\/api.w.org\/{rel}","templated":true}]}}