{"id":270,"date":"2021-08-15T17:09:11","date_gmt":"2021-08-15T17:09:11","guid":{"rendered":"http:\/\/www.lasipallo.com\/vallatjavaet\/?page_id=270"},"modified":"2022-10-11T19:23:00","modified_gmt":"2022-10-11T19:23:00","slug":"sanastoa","status":"publish","type":"page","link":"http:\/\/www.lasipallo.com\/vallatjavaet\/maailma\/sanastoa\/","title":{"rendered":"Sanastoa"},"content":{"rendered":"\n<div class=\"wp-block-themeisle-blocks-advanced-columns has-1-columns has-desktop-equal-layout has-tablet-equal-layout has-mobile-equal-layout has-default-gap has-vertical-unset\" id=\"wp-block-themeisle-blocks-advanced-columns-d810bab3\"><div class=\"wp-block-themeisle-blocks-advanced-columns-overlay\"><\/div><div class=\"innerblocks-wrap\">\n<div class=\"wp-block-themeisle-blocks-advanced-column\" id=\"wp-block-themeisle-blocks-advanced-column-dff33407\">\n<p><strong>Hiipuminen<\/strong> &#8211; Hidas prosessi, jossa vaihdokas v\u00e4hitellen uupuu ja h\u00e4nen mielens\u00e4 sumenee, h\u00e4n menett\u00e4\u00e4 valtansa ja lopulta kuolee. Prosessi voi kest\u00e4\u00e4 kuukausia, ja se voi tapahtua mink\u00e4 ik\u00e4iselle vaihdokkaalle tahansa, vaikkakin useimmiten keski-i\u00e4n ohittaneille. Peijaisissa prosessi on nopeampi ja kest\u00e4\u00e4 vain muutamia minuutteja.<\/p>\n\n\n\n<p><strong>Juuri <\/strong>&#8211; Maanv\u00e4en vallalla voi hallita juurta, joka on sis\u00e4ist\u00e4 voimaa, kanttia, periksiantamattomuutta.<\/p>\n\n\n\n<p><strong>Keiju, keijukainen<\/strong> &#8211; L\u00e4nsieurooppalaisen tarinaperinteen olento, usein siro ja siivek\u00e4s. V\u00e4est\u00e4 k\u00e4ytettyn\u00e4 humoristinen, joskin monen mielest\u00e4 my\u00f6s halventava ja v\u00e4h\u00e4ttelev\u00e4.<\/p>\n\n\n\n<p><strong>Kulo<\/strong> &#8211; Mets\u00e4nv\u00e4en vallalla voi hallita kuloa, joka on intohimoa, sis\u00e4ist\u00e4 paloa, kiihkoa.<\/p>\n\n\n\n<p><strong>K\u00e4r\u00e4j\u00e4t<\/strong> &#8211; K\u00e4r\u00e4jill\u00e4 v\u00e4et kokoontuvat keskustelemaan yhteisist\u00e4 asioista, tekem\u00e4\u00e4n p\u00e4\u00e4t\u00f6ksi\u00e4 ja ratkomaan riitoja. <strong>Vuodenaikak\u00e4r\u00e4j\u00e4t<\/strong> pidet\u00e4\u00e4n nelj\u00e4sti vuodessa, tasauksina ja seisauksina, ja niiden yhteydess\u00e4 valta vaihtuu v\u00e4elt\u00e4 seuraavalle. Vedenv\u00e4ki on vahvin kev\u00e4\u00e4ll\u00e4, mets\u00e4nv\u00e4ki kes\u00e4ll\u00e4, maanv\u00e4ki syksyll\u00e4 ja taivaanv\u00e4ki talvella. <strong>Suurk\u00e4r\u00e4j\u00e4t<\/strong> kutsutaan koolle vuodenaikak\u00e4r\u00e4jien yhteyteen, jos jonkun ep\u00e4ill\u00e4\u00e4n rikkoneen v\u00e4en lakeja.<\/p>\n\n\n\n<p><strong>Lumo <\/strong>&#8211; Lumo on vallan k\u00e4ytt\u00f6\u00e4 kohteen mielenkiinnon vangitsemiseksi. Lumottu on altis vallank\u00e4ytt\u00e4j\u00e4n vaikutukselle ja taipuu helposti t\u00e4m\u00e4n tahtoon.<\/p>\n\n\n\n<p><strong>L\u00e4hde<\/strong> &#8211; Vedenv\u00e4en vallalla voi hallita l\u00e4hdett\u00e4, joka on luovuutta ja inspiraatiota.<\/p>\n\n\n\n<p><strong>Pariton<\/strong> &#8211; V\u00e4kiyhteis\u00f6\u00f6n kuuluva ihminen, jonka vaihdokaspuoliso on edesmennyt, mutta joka on j\u00e4\u00e4nyt osaksi yhteis\u00f6\u00e4. Parittomiksi sanotaan yleens\u00e4 sellaisia, joilla ei ole en\u00e4\u00e4 perhett\u00e4 yhteis\u00f6ss\u00e4 ja jotka eiv\u00e4t kuulu mihink\u00e4\u00e4n perheryhm\u00e4\u00e4n, mutta osallistuvat yh\u00e4 v\u00e4en tapahtumiin.<\/p>\n\n\n\n<p><strong>Peijaiset<\/strong> &#8211; Kun vuosi vaihtuu, on yhden vaihdokkaan hiivuttava. Valitulle vaihdokkaalle j\u00e4rjestet\u00e4\u00e4n muistojuhla, peijaiset, jonka lopuksi h\u00e4n hiipuu nopeasti.<\/p>\n\n\n\n<p><strong>Sumu<\/strong> &#8211; Sumu on vallan k\u00e4ytt\u00f6\u00e4 kohteen muistin sumentamiseksi. Muisto ei katoa, mutta se muuttuu h\u00e4m\u00e4r\u00e4ksi ja ep\u00e4selv\u00e4ksi.<\/p>\n\n\n\n<p><strong>Vaihdokas<\/strong> &#8211; Ihmislapsen tilalle vaihdettu haltijalapsi. T\u00e4llaiset aidot vaihdokkaat, lapsena vaihdetut, ovat harvassa. Vaihdokasyhteis\u00f6 k\u00e4ytt\u00e4\u00e4 vaihdokas-termi\u00e4 my\u00f6s vaihdokkaiden j\u00e4lkel\u00e4isist\u00e4, niin kauan kuin heill\u00e4 on valtaa.<\/p>\n\n\n\n<p><strong>Vallaton<\/strong> &#8211; Kuka tahansa, jolla ei ole v\u00e4en valtaa: ihminen, vaihdokkaalle syntynyt lapsi, jolla ei ole valtaa, tai vaihdokas, joka on menett\u00e4nyt valtansa.<\/p>\n\n\n\n<p><strong>Valta<\/strong> &#8211; Vaihdokkaiden k\u00e4ytt\u00e4m\u00e4\u00e4 taikuutta sanotaan vallaksi.<\/p>\n\n\n\n<p><strong>Valtataistelu<\/strong> &#8211; Kahden vaihdokkaan v\u00e4linen, vallalla k\u00e4yt\u00e4v\u00e4 kamppailu. Valtataistluita voidaan k\u00e4yd\u00e4 leikkimielisesti, kilpailuna (kumpi on parempi) tai riitojen ratkojana (voittaja on oikeassa).<\/p>\n\n\n\n<p><strong>Vire<\/strong> &#8211; Taivaanv\u00e4en vallalla voi hallita virett\u00e4, joka on elinvoimaa, henkist\u00e4 ja fyysist\u00e4 kuntoa.<\/p>\n\n\n\n<p><strong>V\u00e4et\u00f6n<\/strong> &#8211; Vaihdokas, jolla on valtaa, mutta joka ei ole valinnut v\u00e4ke\u00e4\u00e4n &#8211; tai on tullut h\u00e4\u00e4detyksi v\u00e4est\u00e4\u00e4n, mik\u00e4 on eritt\u00e4in harvinaista.<\/p>\n\n\n\n<p><strong>V\u00e4ki<\/strong> &#8211; Jotakin paikkaa, ainetta tai elementti\u00e4 suojelevat haltijat. Vaihdokkaat k\u00e4ytt\u00e4v\u00e4t v\u00e4ki-nimityst\u00e4 my\u00f6s itsest\u00e4\u00e4n, jakautuen nelj\u00e4\u00e4n v\u00e4keen: vedenv\u00e4ki, mets\u00e4nv\u00e4ki, maanv\u00e4ki ja taivaanv\u00e4ki.<\/p>\n<\/div>\n<\/div><\/div>\n","protected":false},"excerpt":{"rendered":"","protected":false},"author":1,"featured_media":0,"parent":24,"menu_order":0,"comment_status":"closed","ping_status":"closed","template":"","meta":{"_themeisle_gutenberg_block_has_review":false,"footnotes":""},"_links":{"self":[{"href":"http:\/\/www.lasipallo.com\/vallatjavaet\/wp-json\/wp\/v2\/pages\/270"}],"collection":[{"href":"http:\/\/www.lasipallo.com\/vallatjavaet\/wp-json\/wp\/v2\/pages"}],"about":[{"href":"http:\/\/www.lasipallo.com\/vallatjavaet\/wp-json\/wp\/v2\/types\/page"}],"author":[{"embeddable":true,"href":"http:\/\/www.lasipallo.com\/vallatjavaet\/wp-json\/wp\/v2\/users\/1"}],"replies":[{"embeddable":true,"href":"http:\/\/www.lasipallo.com\/vallatjavaet\/wp-json\/wp\/v2\/comments?post=270"}],"version-history":[{"count":2,"href":"http:\/\/www.lasipallo.com\/vallatjavaet\/wp-json\/wp\/v2\/pages\/270\/revisions"}],"predecessor-version":[{"id":308,"href":"http:\/\/www.lasipallo.com\/vallatjavaet\/wp-json\/wp\/v2\/pages\/270\/revisions\/308"}],"up":[{"embeddable":true,"href":"http:\/\/www.lasipallo.com\/vallatjavaet\/wp-json\/wp\/v2\/pages\/24"}],"wp:attachment":[{"href":"http:\/\/www.lasipallo.com\/vallatjavaet\/wp-json\/wp\/v2\/media?parent=270"}],"curies":[{"name":"wp","href":"https:\/\/api.w.org\/{rel}","templated":true}]}}