{"id":22,"date":"2020-07-06T13:57:33","date_gmt":"2020-07-06T13:57:33","guid":{"rendered":"http:\/\/www.lasipallo.com\/vallatjavaet\/?page_id=22"},"modified":"2022-11-12T16:50:11","modified_gmt":"2022-11-12T16:50:11","slug":"kaytanto","status":"publish","type":"page","link":"http:\/\/www.lasipallo.com\/vallatjavaet\/kaytanto\/","title":{"rendered":"K\u00e4yt\u00e4nt\u00f6"},"content":{"rendered":"\n<h3 class=\"wp-block-heading\">Aikataulut<\/h3>\n\n\n\n<p>Vallat ja v\u00e4et koostuu nelj\u00e4st\u00e4 pelist\u00e4, jotka pelataan vuoden 2023 aikana Helsingiss\u00e4 ja l\u00e4hialueilla. Pelip\u00e4iv\u00e4t sijoittuvat mahdollisimman l\u00e4helle seisauksia ja tasauksia, ja pelimaailmassa toinen pelip\u00e4iv\u00e4 on aina seisaus tai tasaus.<\/p>\n\n\n\n<div class=\"wp-block-group\"><div class=\"wp-block-group__inner-container is-layout-flow wp-block-group-is-layout-flow\">\n<div class=\"wp-block-group\"><div class=\"wp-block-group__inner-container is-layout-flow wp-block-group-is-layout-flow\">\n<div class=\"wp-block-group\"><div class=\"wp-block-group__inner-container is-layout-flow wp-block-group-is-layout-flow\">\n<div class=\"wp-block-group is-layout-flow wp-block-group-is-layout-flow\"><div class=\"wp-block-group__inner-container\"><\/div><\/div>\n\n\n\n<ul><li>Pelaajatapaaminen 18.2.2023 (pakollinen, et\u00e4n\u00e4)<\/li><li>Kev\u00e4t: 24.-25.3.2023<\/li><li>Kes\u00e4: 9.-10.6.2023<\/li><li>Syksy: 22.-23.9.2023<\/li><li>Talvi: 8.-9.12.2023<\/li><\/ul>\n\n\n\n<p>Peli\u00e4 pelataan niin perjantaina kuin lauantaina. Pelikerttojen sis\u00e4iset aikataulut eiv\u00e4t ole viel\u00e4 valmiit, mutta p\u00e4\u00e4piirteitt\u00e4in kerrat seuraavat samaa kaavaa. Perjantaina on iltap\u00e4iv\u00e4st\u00e4 yhteinen workshop, jonka j\u00e4lkeen on tarkoitus pelata pari tuntia l\u00e4hinn\u00e4 perheen kesken. My\u00f6hemmin illalla pelaajat voivat halutessaan pelata kaupunkipelim\u00e4isemmin. Lauantaiaamup\u00e4iv\u00e4n\u00e4 voi olla aikaa vapaammalle pelille ennen yhteiseen pelipaikkaan kokoontumista.<\/p>\n\n\n\n<p><\/p>\n<\/div><\/div>\n<\/div><\/div>\n<\/div><\/div>\n\n\n\n<h3 class=\"wp-block-heading\">Pelaajahaku<\/h3>\n\n\n\n<p>Muutamia hahmoja on viel\u00e4 vapaana peruutusten vuoksi, ja kokoamme my\u00f6s uutta varapelaajalistaa.<\/p>\n\n\n\n<p>Varapelaajalistalle ilmoittautuminen on auki 7.8.2022 saakka: <a rel=\"noreferrer noopener\" href=\"https:\/\/forms.gle\/izgsfdVDBrbGFJTRA?fbclid=IwAR37Wo2Qqx8SK7DRMMXdm-t69k8SFDVmiJcfkLb2V2rEiVhfIgaTEo-tRKc\" target=\"_blank\">https:\/\/forms.gle\/izgsfdVDBrbGFJTRA<\/a><\/p>\n\n\n\n<p>Pelaajahaun loputtua ilmoittautuneet saavat listan ilmoittautuneista pelaajista ja heill\u00e4 on tilaisuus kertoa pelinjohdolle, mik\u00e4li listalla on pelaajia, joiden kanssa eiv\u00e4t voi pelata yhdess\u00e4, tai mik\u00e4li listalla on pelaajia, joiden he uskovat olevan vaaraksi muille. Vasta t\u00e4m\u00e4n j\u00e4lkeen tehd\u00e4\u00e4n pelaajavalinnat. Esivalinnat tehd\u00e4\u00e4n anonyymisti, jonka j\u00e4lkeen varmistetaan pelaajien yhteensopivuus. Pyrimme siihen, ett\u00e4 pelaajat saavat hahmonsa joulukuussa 2022.<\/p>\n\n\n\n<p>Mik\u00e4li peliin joudutaan ottamaan erityisen lyhyell\u00e4 varoitusajalla varapelaajia, jotka eiv\u00e4t olleet alun perin t\u00e4ytt\u00e4neet pelaajahakulomaketta, voi olla, ett\u00e4 uuden pelaajan nime\u00e4 ei ehdit\u00e4 kierr\u00e4tt\u00e4\u00e4 kaikilla osallistujilla. Huolehdimme kuitenkin siit\u00e4, ett\u00e4 l\u00e4hikontaktit tiet\u00e4v\u00e4t, kuka rooliin olisi tulossa.<\/p>\n\n\n\n<h3 class=\"wp-block-heading\">Pelimaksut ja muut kustannukset<\/h3>\n\n\n\n<p>Normaali pelimaksu on enint\u00e4\u00e4n 50 euroa pelikertaa kohden. Deadlinet pelimaksuille:<\/p>\n\n\n\n<ul><li>Kev\u00e4t: 15.12.2022<\/li><li>Kes\u00e4: 1.4.2023<\/li><li>Syksy: 1.8.2023<\/li><li>Talvi: 1.10.2023<\/li><\/ul>\n\n\n\n<p>Peliin tulee olemaan rajallinen m\u00e4\u00e4r\u00e4 alennuslippuja, joiden alennus katetaan hieman kalliimmilla sponsorilipuilla. Sponsorilippu on 15 euroa enemm\u00e4n ja alennuslippu 15 euroa v\u00e4hemm\u00e4n.<\/p>\n\n\n\n<h3 class=\"wp-block-heading\">Peruutusk\u00e4yt\u00e4nn\u00f6t<\/h3>\n\n\n\n<p>Mik\u00e4li peli joudutaan perumaan kokonaan esimerkiksi koronasta johtuvan viranomaism\u00e4\u00e4r\u00e4yksen vuoksi, lipputuloista v\u00e4hennet\u00e4\u00e4n toteutuneet kustannukset, ja j\u00e4ljelle j\u00e4\u00e4v\u00e4 summa palautetaan pelaajille lipputyypin mukaisesti. Jos esim. toteutuneet kustannukset ovat 10 % lipputuloista, kaikki pelaajat saavat 90 % palautuksen pelimaksusta.<\/p>\n\n\n\n<p>Mik\u00e4li pelaaja joutuu itse perumaan tulonsa peliin yli kuukauden ennen pelip\u00e4iv\u00e4\u00e4, h\u00e4nelle palautetaan pelimaksu t\u00e4ysim\u00e4\u00e4r\u00e4isen\u00e4. Mik\u00e4li pelaaja peruu pelin alle kuukauden mutta v\u00e4hint\u00e4\u00e4n viikon ennen pelip\u00e4iv\u00e4\u00e4, palautetaan pelimaksusta puolet. Mik\u00e4li pelaaja peruu pelin alle viikon ennen pelip\u00e4iv\u00e4\u00e4, emme voi luvata pelimaksun palautusta.<\/p>\n\n\n\n<h3 class=\"wp-block-heading\">Hahmoista ja pelimateriaalista<\/h3>\n\n\n\n<p>Pelaajat saavat pelinjohdolta valmiiksi kirjoitetut hahmot kontakteineen. Hahmot sis\u00e4lt\u00e4v\u00e4t tiedot hahmon luonteesta, historiasta, nykytilanteesta, suhteesta kontaktiryhmiin ja henkil\u00f6kohtaisista kontakteista.<\/p>\n\n\n\n<p>Jokaisesta kontaktiryhm\u00e4st\u00e4 linkataan hahmoon oma briiffi, joka on yhteinen kaikille ryhm\u00e4n pelaajille. T\u00e4m\u00e4 dokumentti sis\u00e4lt\u00e4\u00e4 tiedot kontaktiryhmien historiasta, asemasta ja mahdollisista tavoitteista. Kontaktiryhmi\u00e4 ovat perhe (biologinen tai valittu), l\u00e4hiryhm\u00e4 (ty\u00f6porukka, harrasteryhm\u00e4 tai jokin aatteellinen ryhm\u00e4) sek\u00e4 v\u00e4ki. V\u00e4kiin kuulumattomat (v\u00e4ett\u00f6m\u00e4t ja vallattomat) muodostavat oman kontaktiryhm\u00e4ns\u00e4.<\/p>\n\n\n\n<p>Pelinjohdon tavoite on pit\u00e4\u00e4 n\u00e4m\u00e4 tekstit tiiviin\u00e4. Pyrimme siihen, ett\u00e4 kontaktit ja ryhm\u00e4briiffit mukaan luettuna hahmo ei ylit\u00e4 n. kymment\u00e4 sivua.<\/p>\n\n\n\n<h3 class=\"wp-block-heading\">Sosiaalinen media<\/h3>\n\n\n\n<p>Peliss\u00e4 tulee olemaan pelinsis\u00e4inen sosiaalisen median alusta, jota voi k\u00e4ytt\u00e4\u00e4 pelin aikana sek\u00e4 hieman ennen ja j\u00e4lkeen kunkin pelin. Alusta avataan aina peliviikon torstaina ja suljetaan pelin j\u00e4lkeisen\u00e4 sunnuntaina.<\/p>\n\n\n\n<h3 class=\"wp-block-heading\">Pelaajaturvallisuus<\/h3>\n\n\n\n<p>T\u00e4ss\u00e4 peliss\u00e4 ei hyv\u00e4ksyt\u00e4 ahdistelua ja h\u00e4irint\u00e4\u00e4. Tavoitteena on luoda yhdess\u00e4 turvallinen peliymp\u00e4rist\u00f6 jokaiselle peliin osallistujalle.&nbsp;<\/p>\n\n\n\n<p>T\u00e4ss\u00e4 peliss\u00e4 sovelletaan <a href=\"https:\/\/turvallisempaa.files.wordpress.com\/2018\/03\/turvallisempaa_larppausta_materiaalipaketti_v1-4.pdf\">h\u00e4irinn\u00e4n vastaista materiaalipakettia<\/a>. Peliin osallistuvan tulee tutustua materiaaliin huolellisesti ja sitoutua omalla toiminnallaan edist\u00e4m\u00e4\u00e4n turvallista peliymp\u00e4rist\u00f6\u00e4 ja torjumaan h\u00e4irint\u00e4\u00e4.<\/p>\n\n\n\n<p>K\u00e4yt\u00e4mme seuraavia pelimekaniikkoja:<\/p>\n\n\n\n<ul><li>\u201cPeli seis!\u201d &#8211; k\u00e4ytet\u00e4\u00e4n vaara- tai kriisitilanteissa, katkaisee pelin kokonaan, kunnes tilanne on selvitetty.<\/li><li>Lookdown &#8211; pelaaja varjostaa k\u00e4dell\u00e4 silmi\u00e4\u00e4n &#8211; n\u00e4in tekev\u00e4 pelaaja voi poistua ahdistavasta tilanteesta ilman, ett\u00e4 siit\u00e4 tehd\u00e4\u00e4n numeroa; lookdownia k\u00e4ytt\u00e4v\u00e4\u00e4n pelaajaan ei kiinnitet\u00e4 ingame-huomiota.<\/li><li>OK check-in &#8211; OK-k\u00e4simerkill\u00e4 voi kysy\u00e4 toiselta pelaajalta, onko kaikki kunnossa; peukku yl\u00f6s = \u201ckaikki hyvin\u201d (peli jatkuu), peukku alas = \u201cen voi hyvin\u201d (kysyj\u00e4 vet\u00e4\u00e4 vastaajan sivuun ja toimii pelinjohdon ohjeistamalla tavalla).<\/li><li>Eskalaatio- ja de-eskalaatiomekaniikka &#8211; \u201cAntaa tulla!\u201d (eskalaatio, lis\u00e4\u00e4 kierroksia konfliktiin) ja \u201cNyt riitt\u00e4\u00e4\u201d (de-eskalaatio, konflikti loppuu).<\/li><\/ul>\n\n\n\n<p>Lis\u00e4ksi pelien aikana pelaajien tavoitettavissa ovat tuki ja turva -henkil\u00f6t, joilla ei ole muuta avustajaroolia t\u00e4m\u00e4n lis\u00e4ksi.<\/p>\n\n\n\n<p><\/p>\n\n\n\n<h3 class=\"wp-block-heading\">Viestint\u00e4kanavat<\/h3>\n\n\n\n<p><a href=\"https:\/\/www.facebook.com\/groups\/3286627601388776\/\">Liity FB-ryhm\u00e4\u00e4n!<\/a><\/p>\n\n\n\n<p>Pelinjohdon s\u00e4hk\u00f6postiosoite: vallatjavaet(at)gmail(piste)com.<\/p>\n","protected":false},"excerpt":{"rendered":"<p>Aikataulut Vallat ja v\u00e4et koostuu nelj\u00e4st\u00e4 pelist\u00e4, jotka pelataan vuoden 2023 aikana Helsingiss\u00e4 ja l\u00e4hialueilla. Pelip\u00e4iv\u00e4t sijoittuvat mahdollisimman l\u00e4helle seisauksia ja tasauksia, ja pelimaailmassa toinen pelip\u00e4iv\u00e4 on aina seisaus tai tasaus. Pelaajatapaaminen 18.2.2023 (pakollinen, et\u00e4n\u00e4) Kev\u00e4t: 24.-25.3.2023 Kes\u00e4: 9.-10.6.2023 Syksy: 22.-23.9.2023 Talvi: 8.-9.12.2023 Peli\u00e4 pelataan niin perjantaina kuin lauantaina. Pelikerttojen sis\u00e4iset aikataulut eiv\u00e4t ole viel\u00e4<\/p>\n<p><a href=\"http:\/\/www.lasipallo.com\/vallatjavaet\/kaytanto\/\" class=\"more-link themebutton\">Read More<\/a><\/p>\n","protected":false},"author":1,"featured_media":0,"parent":0,"menu_order":0,"comment_status":"closed","ping_status":"closed","template":"","meta":{"_themeisle_gutenberg_block_has_review":false,"footnotes":""},"_links":{"self":[{"href":"http:\/\/www.lasipallo.com\/vallatjavaet\/wp-json\/wp\/v2\/pages\/22"}],"collection":[{"href":"http:\/\/www.lasipallo.com\/vallatjavaet\/wp-json\/wp\/v2\/pages"}],"about":[{"href":"http:\/\/www.lasipallo.com\/vallatjavaet\/wp-json\/wp\/v2\/types\/page"}],"author":[{"embeddable":true,"href":"http:\/\/www.lasipallo.com\/vallatjavaet\/wp-json\/wp\/v2\/users\/1"}],"replies":[{"embeddable":true,"href":"http:\/\/www.lasipallo.com\/vallatjavaet\/wp-json\/wp\/v2\/comments?post=22"}],"version-history":[{"count":19,"href":"http:\/\/www.lasipallo.com\/vallatjavaet\/wp-json\/wp\/v2\/pages\/22\/revisions"}],"predecessor-version":[{"id":323,"href":"http:\/\/www.lasipallo.com\/vallatjavaet\/wp-json\/wp\/v2\/pages\/22\/revisions\/323"}],"wp:attachment":[{"href":"http:\/\/www.lasipallo.com\/vallatjavaet\/wp-json\/wp\/v2\/media?parent=22"}],"curies":[{"name":"wp","href":"https:\/\/api.w.org\/{rel}","templated":true}]}}