{"id":2,"date":"2020-05-25T18:38:28","date_gmt":"2020-05-25T18:38:28","guid":{"rendered":"http:\/\/www.lasipallo.com\/vallatjavaet\/?page_id=2"},"modified":"2022-01-24T15:37:40","modified_gmt":"2022-01-24T15:37:40","slug":"sample-page","status":"publish","type":"page","link":"http:\/\/www.lasipallo.com\/vallatjavaet\/","title":{"rendered":"Etusivu"},"content":{"rendered":"\n<p class=\"has-text-align-center\">Neliosainen urbaanifantasiakampanja 45 pelaajalle p\u00e4\u00e4kaupunkiseudulla 2023.<\/p>\n\n\n\n<div class=\"wp-block-group\"><div class=\"wp-block-group__inner-container is-layout-flow wp-block-group-is-layout-flow\">\n<p class=\"has-text-align-center\">Pelip\u00e4iv\u00e4t ja pelaajatapaamisen ajankohta: <br>Pelaajatapaaminen: 18.2.2023 (et\u00e4n\u00e4, p\u00e4iv\u00e4saikaan)<br>Peli 1 &#8211; Kev\u00e4t: 24.-25.3.2023<br>Peli 2 &#8211; Kes\u00e4: 9.-10.6.2023<br>Peli 3 &#8211; Syksy: 22.-23.9.2023<br>Peli 4 &#8211; Talvi: 8.-9.12.2023<\/p>\n\n\n\n<div class=\"wp-block-image\"><figure class=\"aligncenter size-large is-resized\"><a href=\"https:\/\/www.facebook.com\/groups\/3286627601388776\/\"><img loading=\"lazy\" decoding=\"async\" src=\"http:\/\/www.lasipallo.com\/vallatjavaet\/wp-content\/uploads\/2020\/07\/facebook-logo.jpg\" alt=\"Vallat ja V\u00e4et ryhm\u00e4 Facebookissa\" class=\"wp-image-232\" width=\"103\" height=\"69\" srcset=\"http:\/\/www.lasipallo.com\/vallatjavaet\/wp-content\/uploads\/2020\/07\/facebook-logo.jpg 1000w, http:\/\/www.lasipallo.com\/vallatjavaet\/wp-content\/uploads\/2020\/07\/facebook-logo-300x203.jpg 300w, http:\/\/www.lasipallo.com\/vallatjavaet\/wp-content\/uploads\/2020\/07\/facebook-logo-768x518.jpg 768w, http:\/\/www.lasipallo.com\/vallatjavaet\/wp-content\/uploads\/2020\/07\/facebook-logo-570x380.jpg 570w, http:\/\/www.lasipallo.com\/vallatjavaet\/wp-content\/uploads\/2020\/07\/facebook-logo-380x254.jpg 380w, http:\/\/www.lasipallo.com\/vallatjavaet\/wp-content\/uploads\/2020\/07\/facebook-logo-285x190.jpg 285w\" sizes=\"(max-width: 103px) 100vw, 103px\" \/><\/a><\/figure><\/div>\n<\/div><\/div>\n\n\n\n<figure class=\"wp-block-embed aligncenter is-type-video is-provider-youtube wp-block-embed-youtube wp-embed-aspect-16-9 wp-has-aspect-ratio\"><div class=\"wp-block-embed__wrapper\">\n<iframe loading=\"lazy\" title=\"Vallat ja v\u00e4et 2020 - Trailer\" width=\"1170\" height=\"658\" src=\"https:\/\/www.youtube.com\/embed\/7Ip3swImsqM?feature=oembed\" frameborder=\"0\" allow=\"accelerometer; autoplay; clipboard-write; encrypted-media; gyroscope; picture-in-picture\" allowfullscreen><\/iframe>\n<\/div><\/figure>\n","protected":false},"excerpt":{"rendered":"<p>Neliosainen urbaanifantasiakampanja 45 pelaajalle p\u00e4\u00e4kaupunkiseudulla 2023. Pelip\u00e4iv\u00e4t ja pelaajatapaamisen ajankohta: Pelaajatapaaminen: 18.2.2023 (et\u00e4n\u00e4, p\u00e4iv\u00e4saikaan)Peli 1 &#8211; Kev\u00e4t: 24.-25.3.2023Peli 2 &#8211; Kes\u00e4: 9.-10.6.2023Peli 3 &#8211; Syksy: 22.-23.9.2023Peli 4 &#8211; Talvi: 8.-9.12.2023<\/p>\n","protected":false},"author":1,"featured_media":0,"parent":0,"menu_order":0,"comment_status":"closed","ping_status":"open","template":"","meta":{"_themeisle_gutenberg_block_has_review":false,"footnotes":""},"_links":{"self":[{"href":"http:\/\/www.lasipallo.com\/vallatjavaet\/wp-json\/wp\/v2\/pages\/2"}],"collection":[{"href":"http:\/\/www.lasipallo.com\/vallatjavaet\/wp-json\/wp\/v2\/pages"}],"about":[{"href":"http:\/\/www.lasipallo.com\/vallatjavaet\/wp-json\/wp\/v2\/types\/page"}],"author":[{"embeddable":true,"href":"http:\/\/www.lasipallo.com\/vallatjavaet\/wp-json\/wp\/v2\/users\/1"}],"replies":[{"embeddable":true,"href":"http:\/\/www.lasipallo.com\/vallatjavaet\/wp-json\/wp\/v2\/comments?post=2"}],"version-history":[{"count":17,"href":"http:\/\/www.lasipallo.com\/vallatjavaet\/wp-json\/wp\/v2\/pages\/2\/revisions"}],"predecessor-version":[{"id":300,"href":"http:\/\/www.lasipallo.com\/vallatjavaet\/wp-json\/wp\/v2\/pages\/2\/revisions\/300"}],"wp:attachment":[{"href":"http:\/\/www.lasipallo.com\/vallatjavaet\/wp-json\/wp\/v2\/media?parent=2"}],"curies":[{"name":"wp","href":"https:\/\/api.w.org\/{rel}","templated":true}]}}