{"id":19,"date":"2020-07-06T13:55:44","date_gmt":"2020-07-06T13:55:44","guid":{"rendered":"http:\/\/www.lasipallo.com\/vallatjavaet\/?page_id=19"},"modified":"2020-07-23T14:45:30","modified_gmt":"2020-07-23T14:45:30","slug":"visio","status":"publish","type":"page","link":"http:\/\/www.lasipallo.com\/vallatjavaet\/visio\/","title":{"rendered":"Visio"},"content":{"rendered":"\n<p><strong>Vallat ja v\u00e4et<\/strong> on liveroolipelikampanja ihmisten parissa el\u00e4vist\u00e4 vaihdokkaista.&nbsp;<\/p>\n\n\n\n<p class=\"innerblocks-wrap\">Niin kauan kuin on ollut ihmisi\u00e4 on ollut my\u00f6s vaihdokkaita, ihmislasten tilalle vaihdettuja v\u00e4en lapsia. Ihmiskunnan levitess\u00e4 ja yhteis\u00f6jen kasvaessa my\u00f6s vaihdokkaiden m\u00e4\u00e4r\u00e4 kasvoi, ja niiden oli yh\u00e4 helpompi el\u00e4\u00e4 ihmisten keskuudessa tulematta paljastetuiksi. Ajan my\u00f6t\u00e4 ne alkoivat my\u00f6s lis\u00e4\u00e4nty\u00e4 kesken\u00e4\u00e4n ja ihmisten kanssa. Nykyp\u00e4iv\u00e4n\u00e4 aitoja vaihdokkaita, vauvana vaihdettuja, on harvassa, ja sekaveristen kosketus v\u00e4kiluontoonsa heikkenee sukupolvi sukupolvelta. Vaihdokkaita on v\u00e4hemm\u00e4n kuin koskaan, ja aidot vaihdokkaat ovat l\u00e4hes kaikki kuolleet jo kauan sitten. Onko vaihdokkaiden aika ohi?<\/p>\n\n\n\n<p>Ihmisten keskuudessa el\u00e4vill\u00e4 vaihdokkailla on oma kulttuurinsa, omat tapansa ja lakinsa. Vaihdokkaat ovat jakautuneet nelj\u00e4\u00e4n v\u00e4keen, joista kukin on vallassa yhden vuodenajan; kev\u00e4tt\u00e4 hallitsee vedenv\u00e4ki, kes\u00e4\u00e4 mets\u00e4nv\u00e4ki, syksy\u00e4 maanv\u00e4ki ja talvea taivaanv\u00e4ki. Valta vaihtuu vuodenajan vaihtuessa, tanssin kautta.<\/p>\n\n\n\n<p><strong>Vallat ja v\u00e4et<\/strong> seuraa vaihdokkaiden el\u00e4m\u00e4\u00e4 vuoden ajan. Pelit sijoittuvat vuodenaikojen vaihteisiin, l\u00e4helle kev\u00e4tp\u00e4iv\u00e4ntasausta, kes\u00e4p\u00e4iv\u00e4nseisausta, syysp\u00e4iv\u00e4ntasausta ja talvip\u00e4iv\u00e4nseisausta, jolloin vaihdokkaat kokoontuvat vuodenaikak\u00e4r\u00e4jille. Jokainen pelikerta p\u00e4\u00e4ttyy vallan vaihtumiseen v\u00e4elt\u00e4 toiselle.<\/p>\n\n\n\n<p>Vallat ja v\u00e4et on ennen kaikkea tarina luopumisesta, mutta my\u00f6s valtasuhteista, perheist\u00e4, vahvoista tunteista, velvollisuudesta ja hiipumisesta, kuolemastakin. Ja vaihdokkaista.<\/p>\n\n\n\n<div class=\"wp-block-columns is-layout-flex wp-container-core-columns-is-layout-1 wp-block-columns-is-layout-flex\">\n<div class=\"wp-block-column is-layout-flow wp-block-column-is-layout-flow\">\n<h4 class=\"wp-block-heading\">Mit\u00e4 peliss\u00e4 on<\/h4>\n\n\n\n<ul><li>Suhdedraamaa<\/li><li>Vahvoja tunteita<\/li><li>Vaikeita p\u00e4\u00e4t\u00f6ksi\u00e4<\/li><li>Vallank\u00e4ytt\u00f6\u00e4 ja eriarvoisuutta<\/li><li>Kuolemaa<\/li><\/ul>\n<\/div>\n\n\n\n<div class=\"wp-block-column is-layout-flow wp-block-column-is-layout-flow\">\n<h4 class=\"wp-block-heading\">Mit\u00e4 peliss\u00e4 ei ole<\/h4>\n\n\n\n<ul><li>Reaalimaailman rasismia<\/li><li>Seksuaalista v\u00e4kivaltaa<\/li><li>Seksismi\u00e4<\/li><li>Pelaajan ominaisuuksiin liittyv\u00e4\u00e4 syrjint\u00e4\u00e4<\/li><\/ul>\n<\/div>\n<\/div>\n\n\n\n<p><\/p>\n","protected":false},"excerpt":{"rendered":"<p>Vallat ja v\u00e4et on liveroolipelikampanja ihmisten parissa el\u00e4vist\u00e4 vaihdokkaista.&nbsp; Niin kauan kuin on ollut ihmisi\u00e4 on ollut my\u00f6s vaihdokkaita, ihmislasten tilalle vaihdettuja v\u00e4en lapsia. Ihmiskunnan levitess\u00e4 ja yhteis\u00f6jen kasvaessa my\u00f6s vaihdokkaiden m\u00e4\u00e4r\u00e4 kasvoi, ja niiden oli yh\u00e4 helpompi el\u00e4\u00e4 ihmisten keskuudessa tulematta paljastetuiksi. Ajan my\u00f6t\u00e4 ne alkoivat my\u00f6s lis\u00e4\u00e4nty\u00e4 kesken\u00e4\u00e4n ja ihmisten kanssa. Nykyp\u00e4iv\u00e4n\u00e4 aitoja<\/p>\n<p><a href=\"http:\/\/www.lasipallo.com\/vallatjavaet\/visio\/\" class=\"more-link themebutton\">Read More<\/a><\/p>\n","protected":false},"author":1,"featured_media":0,"parent":0,"menu_order":0,"comment_status":"closed","ping_status":"closed","template":"","meta":{"_themeisle_gutenberg_block_has_review":false,"footnotes":""},"_links":{"self":[{"href":"http:\/\/www.lasipallo.com\/vallatjavaet\/wp-json\/wp\/v2\/pages\/19"}],"collection":[{"href":"http:\/\/www.lasipallo.com\/vallatjavaet\/wp-json\/wp\/v2\/pages"}],"about":[{"href":"http:\/\/www.lasipallo.com\/vallatjavaet\/wp-json\/wp\/v2\/types\/page"}],"author":[{"embeddable":true,"href":"http:\/\/www.lasipallo.com\/vallatjavaet\/wp-json\/wp\/v2\/users\/1"}],"replies":[{"embeddable":true,"href":"http:\/\/www.lasipallo.com\/vallatjavaet\/wp-json\/wp\/v2\/comments?post=19"}],"version-history":[{"count":16,"href":"http:\/\/www.lasipallo.com\/vallatjavaet\/wp-json\/wp\/v2\/pages\/19\/revisions"}],"predecessor-version":[{"id":217,"href":"http:\/\/www.lasipallo.com\/vallatjavaet\/wp-json\/wp\/v2\/pages\/19\/revisions\/217"}],"wp:attachment":[{"href":"http:\/\/www.lasipallo.com\/vallatjavaet\/wp-json\/wp\/v2\/media?parent=19"}],"curies":[{"name":"wp","href":"https:\/\/api.w.org\/{rel}","templated":true}]}}