{"id":147,"date":"2017-10-13T07:27:16","date_gmt":"2017-10-13T07:27:16","guid":{"rendered":"http:\/\/www.lasipallo.com\/lakme\/?page_id=147"},"modified":"2018-09-30T22:17:29","modified_gmt":"2018-09-30T20:17:29","slug":"maailmankuvaus","status":"publish","type":"page","link":"http:\/\/www.lasipallo.com\/lakme\/","title":{"rendered":"PELIST\u00c4"},"content":{"rendered":"<p><em>&#8221;Sosiaalisen toiseuden kokemuksesta kollektiivisen ryhm\u00e4ytymisen kokemukseen.&#8221;<\/em><\/p>\n<p>L4KME sijoittuu scifistisill\u00e4 ja mystisill\u00e4 elementeill\u00e4 v\u00e4ritettyyn nykyp\u00e4iv\u00e4n Suomeen. Hahmoryhmi\u00e4 ovat mm. paikallinen pikku b\u00e4ndi, hippikommuuni, preppaajayhdistys, erin\u00e4isi\u00e4 tavallisia ihmisi\u00e4 ja laitapuolen kulkijoita. Lis\u00e4materiaalia pelaajat saavat riippuen siit\u00e4, mihin ryhm\u00e4\u00e4n he kuuluvat. Pelimateriaalia tulee my\u00f6s lis\u00e4\u00e4 pelin aikana. T\u00e4ss\u00e4 peliss\u00e4 on salaisuuksia, yll\u00e4tyksi\u00e4 ja odottamattomia k\u00e4\u00e4nteit\u00e4. Tavoittena on pit\u00e4\u00e4 n\u00e4m\u00e4 yll\u00e4tyksin\u00e4 niin pelaajille kuin hahmoille.<\/p>\n<p>L4KME on trilogia. Peliss\u00e4 on pelaajahahmoja maksimissaan n.60 ja ensimm\u00e4isen pelin pelaajam\u00e4\u00e4r\u00e4 on n. 40. Pelinjohto kirjoittaa hahmot, pelaajat kirjoittavat debriiffit, joiden pohjalta pelaajat saavat toiseen peliin p\u00e4ivitykset jne. Pelaajilla on mahdollisuus syvent\u00e4\u00e4 hahmoja ohjatusti pelinjohdon kanssa. Pelisarja ei sis\u00e4ll\u00e4 roolipelaamista pelien v\u00e4liss\u00e4. Peli on my\u00f6s osin kaupunkipeli. Peliss\u00e4 on niin kaupunkipeli\u00e4 kuin pelaamista yhteisiss\u00e4 pelinjohdon j\u00e4rjest\u00e4miss\u00e4 tiloissa.<\/p>\n<p>T\u00e4ss\u00e4 peliss\u00e4 jokaisella hahmolla ja hahmoryhm\u00e4ll\u00e4 on oma kehityskaarensa. Hahmojen el\u00e4m\u00e4t tulevat muuttumaan pelikampanjan aikana ymp\u00e4r\u00f6iv\u00e4n maailman mystisyyksien avautuessa. Peliss\u00e4 k\u00e4sitell\u00e4\u00e4n teemoina mm. ep\u00e4varmuutta omasta identiteetist\u00e4, el\u00e4m\u00e4n t\u00e4ydellist\u00e4 muuttumista, odottamattomia fyysisi\u00e4 ja henkisi\u00e4 muutoksia, erilaisia el\u00e4m\u00e4n kriisej\u00e4, valta-asetelmia, ulkopuolisuuden tunnetta ja ryhm\u00e4\u00e4n kuulumista. Hahmot l\u00e4htev\u00e4t liikkeelle erilaisista el\u00e4m\u00e4ntilanteista. Osa hahmoista el\u00e4\u00e4 keskell\u00e4 huumeita, rikollisuutta ja mielenterveysongelmia ja toisaalta on hahmoja, joiden el\u00e4m\u00e4 on arkip\u00e4iv\u00e4ist\u00e4 ty\u00f6ss\u00e4k\u00e4ymist\u00e4 perhesuhteineen ja harrastuksineen.<\/p>\n<p>Vaikka peliss\u00e4 k\u00e4sitell\u00e4\u00e4n rankkoja teemoja, olemme kiinnitt\u00e4neet pelin designissa huomiota siihen, ett\u00e4 kukaan ei j\u00e4\u00e4 yksin &#8211; pelaajana eik\u00e4 hahmona. Haluamme my\u00f6s kannustaa pelaajia huomioimaan kanssapelaajat ja omalta osaltaan auttamaan saavuttamaan t\u00e4m\u00e4n tavoitteen.<\/p>\n<h3>PELINJOHTO<\/h3>\n<ul>\n<li>Jaana Takalo<\/li>\n<li>Sanna Hautala<\/li>\n<li>Riikka &#8217;Riffi&#8217; B\u00f6\u00f6k<\/li>\n<\/ul>\n<p>Pelinjohdon s\u00e4hk\u00f6postiosoite: hanski.aari(at)gmail.com<\/p>\n<h3>SEASON 1<\/h3>\n<h6>L4KME &#8211; Teht\u00e4v\u00e4 Maa<\/h6>\n<p><em>&#8221;Kuka min\u00e4 olen? Teemojen ja hahmojen esittely.&#8221;<\/em><br \/>\nLauantai 24.11.2018<br \/>\nPelimaksun er\u00e4p\u00e4iv\u00e4 &#8211; mennyt<br \/>\nDebrief tulee palauttaa pelinjohdolle viimeist\u00e4\u00e4n 30.11.2018.<br \/>\nPelialueena J\u00e4rvenp\u00e4\u00e4n seutu.<\/p>\n<h6>L4KME &#8211; Melkein ihmisi\u00e4<\/h6>\n<p><em>&#8221;P\u00e4\u00e4juonien laajentaminen, mysteerien avautuminen, vastakkainasettelut ja kontaktiverkoston kehitt\u00e4minen.&#8221;<\/em><br \/>\nLauantai 16.2.2019<br \/>\nPelimaksun er\u00e4p\u00e4iv\u00e4 1.1.2019.<br \/>\nDebrief tulee palauttaa pelinjohdolle viimeist\u00e4\u00e4n 24.2.2019.<br \/>\nPelialueena Korson seutu.<\/p>\n<h6>L4KME &#8211; \u00c4\u00e4rirajoilla<\/h6>\n<p><em>&#8221;The End Is the Beginning Is the End.&#8221;<\/em><br \/>\nPelip\u00e4iv\u00e4 ei ole varmistunut, joko 13.4.2019 tai 6.4.2019<br \/>\nPelimaksun er\u00e4p\u00e4iv\u00e4 1.3.2019<br \/>\nDebrief tulee palauttaa pelinjohdolle viimeist\u00e4\u00e4n ?.<\/p>\n<p>Pelit pelataan PK-seudulla, Helsinki-J\u00e4rvenp\u00e4\u00e4 v\u00e4lill\u00e4.<\/p>\n<h3>K\u00c4YT\u00c4NT\u00d6<\/h3>\n<p>Ik\u00e4raja on 18 vuotta.<br \/>\nPelimaksu on n. 30 euroa \/ peli. T\u00e4m\u00e4 tarkentuu pelipaikkojen varmistuttua.<br \/>\nPelin budjetista n. 20% menee ruokaan,<br \/>\n25% pelipaikkoihin,<br \/>\n30% proppaukseen<br \/>\nja loput pelinjohdon matkakustannuksiin<br \/>\nsek\u00e4 Jotain Menee Pieleen &#8211; rahastoon.<\/p>\n<h6>RUOKAILUT<\/h6>\n<ul>\n<li>Pelin aikana omat ev\u00e4\u00e4t, pient\u00e4 naposteltavaa saattaa l\u00f6yty\u00e4 j\u00e4rjestetyist\u00e4 lokaatioista.<\/li>\n<li>Pelien j\u00e4lkeen ruokaisa salaattibuffet. Jos olet kovin ruokavaliorajoitteinen, tuothan omat ev\u00e4\u00e4t.<\/li>\n<\/ul>\n<h6>DEBRIEFFI<\/h6>\n<p>Debrieffi tulee palauttaa viimeist\u00e4\u00e4n viikon kuluttua pelist\u00e4. Jos pelaaja ei palauta debrieffi\u00e4 ajoissa, hahmolle voi pelien v\u00e4liss\u00e4 tapahtua todella tylsi\u00e4 asioita tai pelinjohto voi ottaa hahmolle uuden pelaajan.<\/p>\n<h3>DISCLAIMER<\/h3>\n<p>Peliss\u00e4 tullaan seuraamaan joitakin ingame-esineit\u00e4 GPS:ll\u00e4.<\/p>\n","protected":false},"excerpt":{"rendered":"<p>&#8221;Sosiaalisen toiseuden kokemuksesta kollektiivisen ryhm\u00e4ytymisen kokemukseen.&#8221; L4KME sijoittuu scifistisill\u00e4 ja mystisill\u00e4 elementeill\u00e4 v\u00e4ritettyyn nykyp\u00e4iv\u00e4n Suomeen. Hahmoryhmi\u00e4 ovat mm. paikallinen pikku b\u00e4ndi, hippikommuuni, preppaajayhdistys, erin\u00e4isi\u00e4 tavallisia ihmisi\u00e4 ja laitapuolen kulkijoita. Lis\u00e4materiaalia pelaajat saavat riippuen siit\u00e4, mihin<\/p>\n","protected":false},"author":1,"featured_media":0,"parent":0,"menu_order":10,"comment_status":"closed","ping_status":"closed","template":"","meta":{"footnotes":""},"_links":{"self":[{"href":"http:\/\/www.lasipallo.com\/lakme\/wp-json\/wp\/v2\/pages\/147"}],"collection":[{"href":"http:\/\/www.lasipallo.com\/lakme\/wp-json\/wp\/v2\/pages"}],"about":[{"href":"http:\/\/www.lasipallo.com\/lakme\/wp-json\/wp\/v2\/types\/page"}],"author":[{"embeddable":true,"href":"http:\/\/www.lasipallo.com\/lakme\/wp-json\/wp\/v2\/users\/1"}],"replies":[{"embeddable":true,"href":"http:\/\/www.lasipallo.com\/lakme\/wp-json\/wp\/v2\/comments?post=147"}],"version-history":[{"count":54,"href":"http:\/\/www.lasipallo.com\/lakme\/wp-json\/wp\/v2\/pages\/147\/revisions"}],"predecessor-version":[{"id":421,"href":"http:\/\/www.lasipallo.com\/lakme\/wp-json\/wp\/v2\/pages\/147\/revisions\/421"}],"wp:attachment":[{"href":"http:\/\/www.lasipallo.com\/lakme\/wp-json\/wp\/v2\/media?parent=147"}],"curies":[{"name":"wp","href":"https:\/\/api.w.org\/{rel}","templated":true}]}}